{"id":25970,"date":"2025-10-23T16:22:49","date_gmt":"2025-10-23T20:22:49","guid":{"rendered":"https:\/\/forcesavenir.com\/?page_id=25970"},"modified":"2025-10-23T16:30:50","modified_gmt":"2025-10-23T20:30:50","slug":"high-school-fa-alumni-5","status":"publish","type":"page","link":"https:\/\/forcesavenir.com\/en\/alumni\/high-school-fa-alumni-5\/","title":{"rendered":"High School FA Alumni"},"content":{"rendered":"<p class=\"attachment\"><a href='https:\/\/forcesavenir.com\/wp-content\/uploads\/2024\/03\/Clara-Coderre-Trahan-1.webp'><img loading=\"lazy\" decoding=\"async\" width=\"300\" height=\"184\" src=\"https:\/\/forcesavenir.com\/wp-content\/uploads\/2024\/03\/Clara-Coderre-Trahan-1-300x184.webp\" class=\"attachment-medium size-medium\" alt=\"\" srcset=\"https:\/\/forcesavenir.com\/wp-content\/uploads\/2024\/03\/Clara-Coderre-Trahan-1-300x184.webp 300w, https:\/\/forcesavenir.com\/wp-content\/uploads\/2024\/03\/Clara-Coderre-Trahan-1-1024x629.webp 1024w, https:\/\/forcesavenir.com\/wp-content\/uploads\/2024\/03\/Clara-Coderre-Trahan-1-768x472.webp 768w, https:\/\/forcesavenir.com\/wp-content\/uploads\/2024\/03\/Clara-Coderre-Trahan-1.webp 1140w\" sizes=\"auto, (max-width: 300px) 100vw, 300px\" \/><\/a><\/p>\n\t\t<div data-elementor-type=\"wp-page\" data-elementor-id=\"25970\" class=\"elementor elementor-25970 elementor-25969\" data-elementor-post-type=\"page\">\n\t\t\t\t<div class=\"elementor-element elementor-element-728fdb8 e-flex e-con-boxed e-con e-parent\" data-id=\"728fdb8\" data-element_type=\"container\" data-e-type=\"container\">\n\t\t\t\t\t<div class=\"e-con-inner\">\n\t\t<div class=\"elementor-element elementor-element-c9ca6e0 e-con-full e-flex e-con e-child\" data-id=\"c9ca6e0\" data-element_type=\"container\" data-e-type=\"container\">\n\t\t\t\t<div class=\"elementor-element elementor-element-d0ee5cf elementor-widget elementor-widget-image\" data-id=\"d0ee5cf\" data-element_type=\"widget\" data-e-type=\"widget\" data-widget_type=\"image.default\">\n\t\t\t\t<div class=\"elementor-widget-container\">\n\t\t\t\t\t\t\t\t\t\t\t\t\t\t\t<img loading=\"lazy\" decoding=\"async\" width=\"252\" height=\"258\" src=\"https:\/\/forcesavenir.com\/wp-content\/uploads\/2024\/03\/programme_secondaire_img.webp\" class=\"attachment-full size-full wp-image-1612\" alt=\"\" \/>\t\t\t\t\t\t\t\t\t\t\t\t\t\t\t<\/div>\n\t\t\t\t<\/div>\n\t\t\t\t<\/div>\n\t\t<div class=\"elementor-element elementor-element-ec05d0a e-con-full e-flex e-con e-child\" data-id=\"ec05d0a\" data-element_type=\"container\" data-e-type=\"container\">\n\t\t\t\t<div class=\"elementor-element elementor-element-3c73918 elementor-widget elementor-widget-heading\" data-id=\"3c73918\" data-element_type=\"widget\" data-e-type=\"widget\" data-widget_type=\"heading.default\">\n\t\t\t\t<div class=\"elementor-widget-container\">\n\t\t\t\t\t<h2 class=\"elementor-heading-title elementor-size-default\">FA Alumni<br> at High School<\/h2>\t\t\t\t<\/div>\n\t\t\t\t<\/div>\n\t\t\t\t<\/div>\n\t\t\t\t\t<\/div>\n\t\t\t\t<\/div>\n\t\t<div class=\"elementor-element elementor-element-b0e7c3f e-con-full e-flex e-con e-parent\" data-id=\"b0e7c3f\" data-element_type=\"container\" data-e-type=\"container\" data-settings=\"{&quot;background_background&quot;:&quot;classic&quot;}\">\n\t\t<div class=\"elementor-element elementor-element-38e28d7 e-con-full e-flex e-con e-child\" data-id=\"38e28d7\" data-element_type=\"container\" data-e-type=\"container\">\n\t\t<div class=\"elementor-element elementor-element-838ff2e e-con-full the7-e-sticky-row-yes the7-e-sticky-scrollup-yes e-flex e-con e-child\" data-id=\"838ff2e\" data-element_type=\"container\" data-e-type=\"container\" data-settings=\"{&quot;the7_sticky_row&quot;:&quot;yes&quot;,&quot;the7_sticky_row_devices&quot;:[&quot;desktop&quot;],&quot;the7_sticky_row_offset&quot;:100,&quot;background_background&quot;:&quot;classic&quot;,&quot;the7_sticky_scroll_up&quot;:&quot;yes&quot;,&quot;the7_sticky_scroll_up_devices&quot;:[&quot;desktop&quot;,&quot;tablet&quot;,&quot;mobile&quot;],&quot;the7_sticky_scroll_up_translate&quot;:{&quot;unit&quot;:&quot;px&quot;,&quot;size&quot;:&quot;&quot;,&quot;sizes&quot;:[]},&quot;the7_sticky_scroll_up_translate_tablet&quot;:{&quot;unit&quot;:&quot;px&quot;,&quot;size&quot;:&quot;&quot;,&quot;sizes&quot;:[]},&quot;the7_sticky_scroll_up_translate_mobile&quot;:{&quot;unit&quot;:&quot;px&quot;,&quot;size&quot;:&quot;&quot;,&quot;sizes&quot;:[]}}\">\n\t\t\t\t<div class=\"elementor-element elementor-element-1484901 elementor-widget elementor-widget-heading\" data-id=\"1484901\" data-element_type=\"widget\" data-e-type=\"widget\" data-widget_type=\"heading.default\">\n\t\t\t\t<div class=\"elementor-widget-container\">\n\t\t\t\t\t<h2 class=\"elementor-heading-title elementor-size-default\">Rechercher un r\u00e9cipiendaire<\/h2>\t\t\t\t<\/div>\n\t\t\t\t<\/div>\n\t\t\t\t<div class=\"elementor-element elementor-element-c325976 elementor-widget elementor-widget-wpgb-facet\" data-id=\"c325976\" data-element_type=\"widget\" data-e-type=\"widget\" data-widget_type=\"wpgb-facet.default\">\n\t\t\t\t<div class=\"elementor-widget-container\">\n\t\t\t\t\t<div class=\"wpgb-facet wpgb-loading wpgb-facet-2 wpgb-style-1\" data-facet=\"2\" data-grid=\"1\"><\/div>\t\t\t\t<\/div>\n\t\t\t\t<\/div>\n\t\t\t\t<div class=\"elementor-element elementor-element-a05556b elementor-widget elementor-widget-wpgb-facet\" data-id=\"a05556b\" data-element_type=\"widget\" data-e-type=\"widget\" data-widget_type=\"wpgb-facet.default\">\n\t\t\t\t<div class=\"elementor-widget-container\">\n\t\t\t\t\t<div class=\"wpgb-facet wpgb-loading wpgb-facet-9 wpgb-style-1\" data-facet=\"9\" data-grid=\"1\"><\/div>\t\t\t\t<\/div>\n\t\t\t\t<\/div>\n\t\t\t\t<div class=\"elementor-element elementor-element-fdbb1d6 elementor-widget elementor-widget-wpgb-facet\" data-id=\"fdbb1d6\" data-element_type=\"widget\" data-e-type=\"widget\" data-widget_type=\"wpgb-facet.default\">\n\t\t\t\t<div class=\"elementor-widget-container\">\n\t\t\t\t\t<div class=\"wpgb-facet wpgb-loading wpgb-facet-10 wpgb-style-1\" data-facet=\"10\" data-grid=\"1\"><\/div>\t\t\t\t<\/div>\n\t\t\t\t<\/div>\n\t\t\t\t<div class=\"elementor-element elementor-element-717e61b elementor-widget elementor-widget-wpgb-facet\" data-id=\"717e61b\" data-element_type=\"widget\" data-e-type=\"widget\" data-widget_type=\"wpgb-facet.default\">\n\t\t\t\t<div class=\"elementor-widget-container\">\n\t\t\t\t\t<div class=\"wpgb-facet wpgb-loading wpgb-facet-11 wpgb-style-1\" data-facet=\"11\" data-grid=\"1\"><\/div>\t\t\t\t<\/div>\n\t\t\t\t<\/div>\n\t\t\t\t<div class=\"elementor-element elementor-element-efdba46 elementor-widget elementor-widget-wpgb-facet\" data-id=\"efdba46\" data-element_type=\"widget\" data-e-type=\"widget\" data-widget_type=\"wpgb-facet.default\">\n\t\t\t\t<div class=\"elementor-widget-container\">\n\t\t\t\t\t<div class=\"wpgb-facet wpgb-loading wpgb-facet-12 wpgb-style-1\" data-facet=\"12\" data-grid=\"1\"><\/div>\t\t\t\t<\/div>\n\t\t\t\t<\/div>\n\t\t\t\t<div class=\"elementor-element elementor-element-9419e47 elementor-widget elementor-widget-wpgb-facet\" data-id=\"9419e47\" data-element_type=\"widget\" data-e-type=\"widget\" data-widget_type=\"wpgb-facet.default\">\n\t\t\t\t<div class=\"elementor-widget-container\">\n\t\t\t\t\t<div class=\"wpgb-facet wpgb-loading wpgb-facet-4 wpgb-style-1\" data-facet=\"4\" data-grid=\"1\"><\/div>\t\t\t\t<\/div>\n\t\t\t\t<\/div>\n\t\t\t\t<\/div>\n\t\t\t\t<\/div>\n\t\t<div class=\"elementor-element elementor-element-3a59576 e-con-full e-flex e-con e-child\" data-id=\"3a59576\" data-element_type=\"container\" data-e-type=\"container\">\n\t\t\t\t<div class=\"elementor-element elementor-element-0a09a67 elementor-widget elementor-widget-wpgb-grid\" data-id=\"0a09a67\" data-element_type=\"widget\" data-e-type=\"widget\" data-widget_type=\"wpgb-grid.default\">\n\t\t\t\t<div class=\"elementor-widget-container\">\n\t\t\t\t\t<!-- Gridbuilder \u1d42\u1d3e Plugin (https:\/\/wpgridbuilder.com) -->\n<div class=\"wp-grid-builder wpgb-grid-1\" data-options=\"{&quot;id&quot;:1,&quot;type&quot;:&quot;masonry&quot;,&quot;source&quot;:&quot;post_type&quot;,&quot;loader&quot;:true,&quot;layout&quot;:&quot;vertical&quot;,&quot;reveal&quot;:1,&quot;isMainQuery&quot;:false,&quot;lazyLoad&quot;:true,&quot;cardSizes&quot;:{&quot;9999&quot;:{&quot;columns&quot;:4,&quot;height&quot;:240,&quot;gutter&quot;:28,&quot;ratio&quot;:&quot;1.33333&quot;},&quot;1200&quot;:{&quot;columns&quot;:2,&quot;height&quot;:240,&quot;gutter&quot;:28,&quot;ratio&quot;:&quot;1.33333&quot;},&quot;992&quot;:{&quot;columns&quot;:2,&quot;height&quot;:220,&quot;gutter&quot;:28,&quot;ratio&quot;:&quot;1.33333&quot;},&quot;768&quot;:{&quot;columns&quot;:1,&quot;height&quot;:220,&quot;gutter&quot;:28,&quot;ratio&quot;:&quot;1.33333&quot;},&quot;576&quot;:{&quot;columns&quot;:1,&quot;height&quot;:200,&quot;gutter&quot;:28,&quot;ratio&quot;:&quot;1.33333&quot;},&quot;320&quot;:{&quot;columns&quot;:1,&quot;height&quot;:200,&quot;gutter&quot;:28,&quot;ratio&quot;:&quot;1.33333&quot;}},&quot;fitRows&quot;:true,&quot;equalRows&quot;:0,&quot;equalColumns&quot;:true,&quot;fillLastRow&quot;:0,&quot;centerLastRow&quot;:0,&quot;horizontalOrder&quot;:true,&quot;fullWidth&quot;:false,&quot;transitionDelay&quot;:100,&quot;gallerySlideshow&quot;:false,&quot;rowsNumber&quot;:1,&quot;slideAlign&quot;:&quot;left&quot;,&quot;groupCells&quot;:1,&quot;draggable&quot;:true,&quot;initialIndex&quot;:0,&quot;contain&quot;:false,&quot;freeScroll&quot;:false,&quot;freeFriction&quot;:&quot;0.075&quot;,&quot;friction&quot;:&quot;0.285&quot;,&quot;attraction&quot;:&quot;0.025&quot;,&quot;autoPlay&quot;:0,&quot;pageDotAriaLabel&quot;:&quot;Page dot %d&quot;,&quot;isPreview&quot;:false,&quot;isGutenberg&quot;:false,&quot;rightToLeft&quot;:false}\"><div class=\"wpgb-svg-icons\" hidden>\n\t<svg viewBox=\"0 0 120 24\" width=\"0\" height=\"0\">\n\t<defs>\n        <polygon id=\"wpgb-star-svg\" points=\"12 2.5 15.1 8.8 22 9.8 17 14.6 18.2 21.5 12 18.3 5.8 21.5 7 14.6 2 9.8 8.9 8.8\"><\/polygon>\n    <\/defs>\n    <symbol id=\"wpgb-rating-stars-svg\">\n        <use xlink:href=\"#wpgb-star-svg\"><\/use>\n        <use xlink:href=\"#wpgb-star-svg\" x=\"24\"><\/use>\n        <use xlink:href=\"#wpgb-star-svg\" x=\"48\"><\/use>\n        <use xlink:href=\"#wpgb-star-svg\" x=\"72\"><\/use>\n        <use xlink:href=\"#wpgb-star-svg\" x=\"96\"><\/use>\n    <\/symbol>\n<\/svg>\n<\/div>\n<div class=\"wpgb-wrapper\">\n\t<div class=\"wpgb-main\">\n\t<div class=\"wpgb-layout\">\n\t<div class=\"wpgb-viewport\">\n\t\t<div class=\"wpgb-masonry\">\n\t\t\t<article class=\"wpgb-card wpgb-card-2 wpgb-post-12350 wpgb-card-hidden\" data-col=\"1\" data-row=\"1\" data-format=\"standard\"><div class=\"wpgb-card-wrapper\"><div class=\"wpgb-card-inner\" data-action><div class=\"wpgb-card-content wpgb-scheme-dark\"><div class=\"wpgb-card-body\"><h3 class=\"wpgb-block-3\"><a target=\"_self\" href=\"https:\/\/forcesavenir.com\/en\/recipiendaires-fa-secondaire\/in-unison-for-the-foundation\/\">In Unison for the Foundation<\/a><\/h3><p class=\"wpgb-block-4\"><strong>2017<\/strong><\/p><p class=\"wpgb-block-2\">AVENIR projet engag\u00e9<\/p><p class=\"wpgb-block-1\">P\u00f4le Saguenay-Lac-Saint-Jean et C\u00f4te-Nord<\/p><p class=\"wpgb-block-5\">Cit\u00e9 \u00e9tudiante Roberval<\/p><\/div><\/div><a class=\"wpgb-card-layer-link\" href=\"https:\/\/forcesavenir.com\/en\/recipiendaires-fa-secondaire\/in-unison-for-the-foundation\/\"><\/a><\/div><\/div><\/article><article class=\"wpgb-card wpgb-card-2 wpgb-post-1553 wpgb-card-hidden\" data-col=\"1\" data-row=\"1\" data-format=\"standard\"><div class=\"wpgb-card-wrapper\"><div class=\"wpgb-card-inner\" data-action><div class=\"wpgb-card-media wpgb-scheme-light\"><svg data-ratio style=\"padding-top:61.46%\" viewBox=\"0 0 768 472\" aria-hidden=\"true\"><\/svg><div class=\"wpgb-card-media-thumbnail\"><a href=\"https:\/\/forcesavenir.com\/wp-content\/uploads\/2024\/03\/Clara-Coderre-Trahan-1.webp\" tabindex=\"-1\" class=\"wpgb-handle-lb wpgb-lightbox\" data-type=\"image\" data-rel=\"1\" data-title=\"Clara Coderre-Trahan-1\" title=\"Enlarge photo\"><div class=\"wpgb-lazy-load wpgb-lazy-spinner\" data-wpgb-thumb=\"\" data-wpgb-src=\"https:\/\/forcesavenir.com\/wp-content\/uploads\/2024\/03\/Clara-Coderre-Trahan-1-768x472.webp\"><\/div><noscript><img loading=\"lazy\" decoding=\"async\" class=\"wpgb-noscript-img\" src=\"https:\/\/forcesavenir.com\/wp-content\/uploads\/2024\/03\/Clara-Coderre-Trahan-1-768x472.webp\" alt=\"\" height=\"472\" width=\"768\"><\/noscript><\/a><\/div><div class=\"wpgb-card-media-overlay\"><\/div><\/div><div class=\"wpgb-card-content wpgb-scheme-dark\"><div class=\"wpgb-card-body\"><h3 class=\"wpgb-block-3\"><a target=\"_self\" href=\"https:\/\/forcesavenir.com\/en\/recipiendaires-fa-secondaire\/clara-coderre-trahan\/\">Clara Coderre-Trahan<\/a><\/h3><p class=\"wpgb-block-4\"><strong>2017<\/strong><\/p><p class=\"wpgb-block-2\">AVENIR personnalit\u00e9 engag\u00e9e<\/p><p class=\"wpgb-block-1\">P\u00f4le Qu\u00e9bec, Chaudi\u00e8re-Appalaches, Bas-Saint-Laurent et Gasp\u00e9sie<\/p><p class=\"wpgb-block-5\">Jean-de-Br\u00e9beuf High School<\/p><\/div><\/div><a class=\"wpgb-card-layer-link\" href=\"https:\/\/forcesavenir.com\/en\/recipiendaires-fa-secondaire\/clara-coderre-trahan\/\"><\/a><\/div><\/div><\/article>\t\t<\/div>\n\t<\/div>\n\t<div class=\"wpgb-loader\">\n\t<div class=\"wpgb-loader-17\">\n\t\t<div><div><\/div><div><\/div><\/div>\t<\/div>\n<\/div>\n<\/div>\n\t<\/div>\n\t\t<\/div>\n<\/div>\n\t\t\t\t<\/div>\n\t\t\t\t<\/div>\n\t\t\t\t<\/div>\n\t\t\t\t<\/div>\n\t\t\t\t<\/div>\n\t\t","protected":false},"excerpt":{"rendered":"<p>FA Alumni at High School Rechercher un r\u00e9cipiendaire Rechercher Rechercher Effacer Par ann\u00e9e Par ann\u00e9e Par ann\u00e9eChoisir une ann\u00e9e2020201920182017201620152014201320122011201020092008 Par cat\u00e9gorie Par cat\u00e9gorie Par cat\u00e9gorieChoisir une cat\u00e9gorieAVENIR personnalit\u00e9 engag\u00e9e&nbsp;(137)AVENIR personnalit\u00e9 pers\u00e9v\u00e9rante&nbsp;(135)AVENIR personnel engag\u00e9&nbsp;(136)AVENIR projet engag\u00e9&nbsp;(133) Par p\u00f4le Par p\u00f4le Par p\u00f4leChoisir un p\u00f4leP\u00f4le Montr\u00e9al, Laurentides, Lanaudi\u00e8re, Laval et Mont\u00e9r\u00e9gie&nbsp;(173)P\u00f4le Outaouais et Abitibi-T\u00e9miscamingue&nbsp;(95)P\u00f4le Qu\u00e9bec, Chaudi\u00e8re-Appalaches, Bas-Saint-Laurent&hellip;<\/p>\n","protected":false},"author":1,"featured_media":0,"parent":1977,"menu_order":0,"comment_status":"closed","ping_status":"closed","template":"elementor_header_footer","meta":{"_acf_changed":false,"footnotes":""},"class_list":["post-25970","page","type-page","status-publish","hentry","description-off"],"acf":[],"yoast_head":"<!-- This site is optimized with the Yoast SEO plugin v27.3 - https:\/\/yoast.com\/product\/yoast-seo-wordpress\/ -->\n<title>High School FA Alumni - Forces AVENIR<\/title>\n<meta name=\"robots\" content=\"index, follow, max-snippet:-1, max-image-preview:large, max-video-preview:-1\" \/>\n<link rel=\"canonical\" href=\"https:\/\/forcesavenir.com\/en\/alumni\/high-school-fa-alumni-5\/\" \/>\n<meta property=\"og:locale\" content=\"en_US\" \/>\n<meta property=\"og:type\" content=\"article\" \/>\n<meta property=\"og:title\" content=\"High School FA Alumni - Forces AVENIR\" \/>\n<meta property=\"og:description\" content=\"FA Alumni at High School Rechercher un r\u00e9cipiendaire Rechercher Rechercher Effacer Par ann\u00e9e Par ann\u00e9e Par ann\u00e9eChoisir une ann\u00e9e2020201920182017201620152014201320122011201020092008 Par cat\u00e9gorie Par cat\u00e9gorie Par cat\u00e9gorieChoisir une cat\u00e9gorieAVENIR personnalit\u00e9 engag\u00e9e&nbsp;(137)AVENIR personnalit\u00e9 pers\u00e9v\u00e9rante&nbsp;(135)AVENIR personnel engag\u00e9&nbsp;(136)AVENIR projet engag\u00e9&nbsp;(133) Par p\u00f4le Par p\u00f4le Par p\u00f4leChoisir un p\u00f4leP\u00f4le Montr\u00e9al, Laurentides, Lanaudi\u00e8re, Laval et Mont\u00e9r\u00e9gie&nbsp;(173)P\u00f4le Outaouais et Abitibi-T\u00e9miscamingue&nbsp;(95)P\u00f4le Qu\u00e9bec, Chaudi\u00e8re-Appalaches, Bas-Saint-Laurent&hellip;\" \/>\n<meta property=\"og:url\" content=\"https:\/\/forcesavenir.com\/en\/alumni\/high-school-fa-alumni-5\/\" \/>\n<meta property=\"og:site_name\" content=\"Forces AVENIR\" \/>\n<meta property=\"article:publisher\" content=\"https:\/\/www.facebook.com\/ForcesAVENIR\/\" \/>\n<meta property=\"article:modified_time\" content=\"2025-10-23T20:30:50+00:00\" \/>\n<meta property=\"og:image\" content=\"https:\/\/forcesavenir.com\/wp-content\/uploads\/2024\/03\/programme_secondaire_img.webp\" \/>\n<meta name=\"twitter:card\" content=\"summary_large_image\" \/>\n<meta name=\"twitter:site\" content=\"@forcesavenir\" \/>\n<meta name=\"twitter:label1\" content=\"Est. reading time\" \/>\n\t<meta name=\"twitter:data1\" content=\"1 minute\" \/>\n<script type=\"application\/ld+json\" class=\"yoast-schema-graph\">{\"@context\":\"https:\\\/\\\/schema.org\",\"@graph\":[{\"@type\":\"WebPage\",\"@id\":\"https:\\\/\\\/forcesavenir.com\\\/en\\\/alumni\\\/high-school-fa-alumni-5\\\/\",\"url\":\"https:\\\/\\\/forcesavenir.com\\\/en\\\/alumni\\\/high-school-fa-alumni-5\\\/\",\"name\":\"High School FA Alumni - Forces AVENIR\",\"isPartOf\":{\"@id\":\"https:\\\/\\\/forcesavenir.com\\\/en\\\/#website\"},\"primaryImageOfPage\":{\"@id\":\"https:\\\/\\\/forcesavenir.com\\\/en\\\/alumni\\\/high-school-fa-alumni-5\\\/#primaryimage\"},\"image\":{\"@id\":\"https:\\\/\\\/forcesavenir.com\\\/en\\\/alumni\\\/high-school-fa-alumni-5\\\/#primaryimage\"},\"thumbnailUrl\":\"https:\\\/\\\/forcesavenir.com\\\/wp-content\\\/uploads\\\/2024\\\/03\\\/programme_secondaire_img.webp\",\"datePublished\":\"2025-10-23T20:22:49+00:00\",\"dateModified\":\"2025-10-23T20:30:50+00:00\",\"breadcrumb\":{\"@id\":\"https:\\\/\\\/forcesavenir.com\\\/en\\\/alumni\\\/high-school-fa-alumni-5\\\/#breadcrumb\"},\"inLanguage\":\"en-US\",\"potentialAction\":[{\"@type\":\"ReadAction\",\"target\":[\"https:\\\/\\\/forcesavenir.com\\\/en\\\/alumni\\\/high-school-fa-alumni-5\\\/\"]}]},{\"@type\":\"ImageObject\",\"inLanguage\":\"en-US\",\"@id\":\"https:\\\/\\\/forcesavenir.com\\\/en\\\/alumni\\\/high-school-fa-alumni-5\\\/#primaryimage\",\"url\":\"https:\\\/\\\/forcesavenir.com\\\/wp-content\\\/uploads\\\/2024\\\/03\\\/programme_secondaire_img.webp\",\"contentUrl\":\"https:\\\/\\\/forcesavenir.com\\\/wp-content\\\/uploads\\\/2024\\\/03\\\/programme_secondaire_img.webp\"},{\"@type\":\"BreadcrumbList\",\"@id\":\"https:\\\/\\\/forcesavenir.com\\\/en\\\/alumni\\\/high-school-fa-alumni-5\\\/#breadcrumb\",\"itemListElement\":[{\"@type\":\"ListItem\",\"position\":1,\"name\":\"Accueil\",\"item\":\"https:\\\/\\\/forcesavenir.com\\\/en\\\/\"},{\"@type\":\"ListItem\",\"position\":2,\"name\":\"Alumni\",\"item\":\"https:\\\/\\\/forcesavenir.com\\\/en\\\/alumni\\\/\"},{\"@type\":\"ListItem\",\"position\":3,\"name\":\"High School FA Alumni\"}]},{\"@type\":\"WebSite\",\"@id\":\"https:\\\/\\\/forcesavenir.com\\\/en\\\/#website\",\"url\":\"https:\\\/\\\/forcesavenir.com\\\/en\\\/\",\"name\":\"Forces AVENIR\",\"description\":\"\",\"publisher\":{\"@id\":\"https:\\\/\\\/forcesavenir.com\\\/en\\\/#organization\"},\"potentialAction\":[{\"@type\":\"SearchAction\",\"target\":{\"@type\":\"EntryPoint\",\"urlTemplate\":\"https:\\\/\\\/forcesavenir.com\\\/en\\\/?s={search_term_string}\"},\"query-input\":{\"@type\":\"PropertyValueSpecification\",\"valueRequired\":true,\"valueName\":\"search_term_string\"}}],\"inLanguage\":\"en-US\"},{\"@type\":\"Organization\",\"@id\":\"https:\\\/\\\/forcesavenir.com\\\/en\\\/#organization\",\"name\":\"Forces AVENIR\",\"url\":\"https:\\\/\\\/forcesavenir.com\\\/en\\\/\",\"logo\":{\"@type\":\"ImageObject\",\"inLanguage\":\"en-US\",\"@id\":\"https:\\\/\\\/forcesavenir.com\\\/en\\\/#\\\/schema\\\/logo\\\/image\\\/\",\"url\":\"https:\\\/\\\/forcesavenir.com\\\/wp-content\\\/uploads\\\/2024\\\/03\\\/Logo_FA_500px.webp\",\"contentUrl\":\"https:\\\/\\\/forcesavenir.com\\\/wp-content\\\/uploads\\\/2024\\\/03\\\/Logo_FA_500px.webp\",\"width\":500,\"height\":223,\"caption\":\"Forces AVENIR\"},\"image\":{\"@id\":\"https:\\\/\\\/forcesavenir.com\\\/en\\\/#\\\/schema\\\/logo\\\/image\\\/\"},\"sameAs\":[\"https:\\\/\\\/www.facebook.com\\\/ForcesAVENIR\\\/\",\"https:\\\/\\\/x.com\\\/forcesavenir\",\"https:\\\/\\\/www.instagram.com\\\/forcesavenir\\\/\",\"https:\\\/\\\/www.youtube.com\\\/user\\\/ForcesAvenir\"]}]}<\/script>\n<!-- \/ Yoast SEO plugin. -->","yoast_head_json":{"title":"High School FA Alumni - Forces AVENIR","robots":{"index":"index","follow":"follow","max-snippet":"max-snippet:-1","max-image-preview":"max-image-preview:large","max-video-preview":"max-video-preview:-1"},"canonical":"https:\/\/forcesavenir.com\/en\/alumni\/high-school-fa-alumni-5\/","og_locale":"en_US","og_type":"article","og_title":"High School FA Alumni - Forces AVENIR","og_description":"FA Alumni at High School Rechercher un r\u00e9cipiendaire Rechercher Rechercher Effacer Par ann\u00e9e Par ann\u00e9e Par ann\u00e9eChoisir une ann\u00e9e2020201920182017201620152014201320122011201020092008 Par cat\u00e9gorie Par cat\u00e9gorie Par cat\u00e9gorieChoisir une cat\u00e9gorieAVENIR personnalit\u00e9 engag\u00e9e&nbsp;(137)AVENIR personnalit\u00e9 pers\u00e9v\u00e9rante&nbsp;(135)AVENIR personnel engag\u00e9&nbsp;(136)AVENIR projet engag\u00e9&nbsp;(133) Par p\u00f4le Par p\u00f4le Par p\u00f4leChoisir un p\u00f4leP\u00f4le Montr\u00e9al, Laurentides, Lanaudi\u00e8re, Laval et Mont\u00e9r\u00e9gie&nbsp;(173)P\u00f4le Outaouais et Abitibi-T\u00e9miscamingue&nbsp;(95)P\u00f4le Qu\u00e9bec, Chaudi\u00e8re-Appalaches, Bas-Saint-Laurent&hellip;","og_url":"https:\/\/forcesavenir.com\/en\/alumni\/high-school-fa-alumni-5\/","og_site_name":"Forces AVENIR","article_publisher":"https:\/\/www.facebook.com\/ForcesAVENIR\/","article_modified_time":"2025-10-23T20:30:50+00:00","og_image":[{"url":"https:\/\/forcesavenir.com\/wp-content\/uploads\/2024\/03\/programme_secondaire_img.webp","type":"","width":"","height":""}],"twitter_card":"summary_large_image","twitter_site":"@forcesavenir","twitter_misc":{"Est. reading time":"1 minute"},"schema":{"@context":"https:\/\/schema.org","@graph":[{"@type":"WebPage","@id":"https:\/\/forcesavenir.com\/en\/alumni\/high-school-fa-alumni-5\/","url":"https:\/\/forcesavenir.com\/en\/alumni\/high-school-fa-alumni-5\/","name":"High School FA Alumni - Forces AVENIR","isPartOf":{"@id":"https:\/\/forcesavenir.com\/en\/#website"},"primaryImageOfPage":{"@id":"https:\/\/forcesavenir.com\/en\/alumni\/high-school-fa-alumni-5\/#primaryimage"},"image":{"@id":"https:\/\/forcesavenir.com\/en\/alumni\/high-school-fa-alumni-5\/#primaryimage"},"thumbnailUrl":"https:\/\/forcesavenir.com\/wp-content\/uploads\/2024\/03\/programme_secondaire_img.webp","datePublished":"2025-10-23T20:22:49+00:00","dateModified":"2025-10-23T20:30:50+00:00","breadcrumb":{"@id":"https:\/\/forcesavenir.com\/en\/alumni\/high-school-fa-alumni-5\/#breadcrumb"},"inLanguage":"en-US","potentialAction":[{"@type":"ReadAction","target":["https:\/\/forcesavenir.com\/en\/alumni\/high-school-fa-alumni-5\/"]}]},{"@type":"ImageObject","inLanguage":"en-US","@id":"https:\/\/forcesavenir.com\/en\/alumni\/high-school-fa-alumni-5\/#primaryimage","url":"https:\/\/forcesavenir.com\/wp-content\/uploads\/2024\/03\/programme_secondaire_img.webp","contentUrl":"https:\/\/forcesavenir.com\/wp-content\/uploads\/2024\/03\/programme_secondaire_img.webp"},{"@type":"BreadcrumbList","@id":"https:\/\/forcesavenir.com\/en\/alumni\/high-school-fa-alumni-5\/#breadcrumb","itemListElement":[{"@type":"ListItem","position":1,"name":"Accueil","item":"https:\/\/forcesavenir.com\/en\/"},{"@type":"ListItem","position":2,"name":"Alumni","item":"https:\/\/forcesavenir.com\/en\/alumni\/"},{"@type":"ListItem","position":3,"name":"High School FA Alumni"}]},{"@type":"WebSite","@id":"https:\/\/forcesavenir.com\/en\/#website","url":"https:\/\/forcesavenir.com\/en\/","name":"Forces AVENIR","description":"","publisher":{"@id":"https:\/\/forcesavenir.com\/en\/#organization"},"potentialAction":[{"@type":"SearchAction","target":{"@type":"EntryPoint","urlTemplate":"https:\/\/forcesavenir.com\/en\/?s={search_term_string}"},"query-input":{"@type":"PropertyValueSpecification","valueRequired":true,"valueName":"search_term_string"}}],"inLanguage":"en-US"},{"@type":"Organization","@id":"https:\/\/forcesavenir.com\/en\/#organization","name":"Forces AVENIR","url":"https:\/\/forcesavenir.com\/en\/","logo":{"@type":"ImageObject","inLanguage":"en-US","@id":"https:\/\/forcesavenir.com\/en\/#\/schema\/logo\/image\/","url":"https:\/\/forcesavenir.com\/wp-content\/uploads\/2024\/03\/Logo_FA_500px.webp","contentUrl":"https:\/\/forcesavenir.com\/wp-content\/uploads\/2024\/03\/Logo_FA_500px.webp","width":500,"height":223,"caption":"Forces AVENIR"},"image":{"@id":"https:\/\/forcesavenir.com\/en\/#\/schema\/logo\/image\/"},"sameAs":["https:\/\/www.facebook.com\/ForcesAVENIR\/","https:\/\/x.com\/forcesavenir","https:\/\/www.instagram.com\/forcesavenir\/","https:\/\/www.youtube.com\/user\/ForcesAvenir"]}]}},"_links":{"self":[{"href":"https:\/\/forcesavenir.com\/en\/wp-json\/wp\/v2\/pages\/25970","targetHints":{"allow":["GET"]}}],"collection":[{"href":"https:\/\/forcesavenir.com\/en\/wp-json\/wp\/v2\/pages"}],"about":[{"href":"https:\/\/forcesavenir.com\/en\/wp-json\/wp\/v2\/types\/page"}],"author":[{"embeddable":true,"href":"https:\/\/forcesavenir.com\/en\/wp-json\/wp\/v2\/users\/1"}],"replies":[{"embeddable":true,"href":"https:\/\/forcesavenir.com\/en\/wp-json\/wp\/v2\/comments?post=25970"}],"version-history":[{"count":0,"href":"https:\/\/forcesavenir.com\/en\/wp-json\/wp\/v2\/pages\/25970\/revisions"}],"up":[{"embeddable":true,"href":"https:\/\/forcesavenir.com\/en\/wp-json\/wp\/v2\/pages\/1977"}],"wp:attachment":[{"href":"https:\/\/forcesavenir.com\/en\/wp-json\/wp\/v2\/media?parent=25970"}],"curies":[{"name":"wp","href":"https:\/\/api.w.org\/{rel}","templated":true}]}}