{"id":25966,"date":"2025-10-23T16:22:38","date_gmt":"2025-10-23T20:22:38","guid":{"rendered":"https:\/\/forcesavenir.com\/?page_id=25966"},"modified":"2025-10-23T16:40:29","modified_gmt":"2025-10-23T20:40:29","slug":"high-school-fa-alumni-6","status":"publish","type":"page","link":"https:\/\/forcesavenir.com\/en\/alumni\/high-school-fa-alumni-6\/","title":{"rendered":"High School FA Alumni"},"content":{"rendered":"\t\t<div data-elementor-type=\"wp-page\" data-elementor-id=\"25966\" class=\"elementor elementor-25966 elementor-25965\" data-elementor-post-type=\"page\">\n\t\t\t\t<div class=\"elementor-element elementor-element-728fdb8 e-flex e-con-boxed e-con e-parent\" data-id=\"728fdb8\" data-element_type=\"container\" data-e-type=\"container\">\n\t\t\t\t\t<div class=\"e-con-inner\">\n\t\t<div class=\"elementor-element elementor-element-c9ca6e0 e-con-full e-flex e-con e-child\" data-id=\"c9ca6e0\" data-element_type=\"container\" data-e-type=\"container\">\n\t\t\t\t<div class=\"elementor-element elementor-element-d0ee5cf elementor-widget elementor-widget-image\" data-id=\"d0ee5cf\" data-element_type=\"widget\" data-e-type=\"widget\" data-widget_type=\"image.default\">\n\t\t\t\t<div class=\"elementor-widget-container\">\n\t\t\t\t\t\t\t\t\t\t\t\t\t\t\t<img loading=\"lazy\" decoding=\"async\" width=\"262\" height=\"263\" src=\"https:\/\/forcesavenir.com\/wp-content\/uploads\/2024\/03\/programme_collegial_img.webp\" class=\"attachment-full size-full wp-image-1616\" alt=\"\" srcset=\"https:\/\/forcesavenir.com\/wp-content\/uploads\/2024\/03\/programme_collegial_img.webp 262w, https:\/\/forcesavenir.com\/wp-content\/uploads\/2024\/03\/programme_collegial_img-150x150.webp 150w\" sizes=\"auto, (max-width: 262px) 100vw, 262px\" \/>\t\t\t\t\t\t\t\t\t\t\t\t\t\t\t<\/div>\n\t\t\t\t<\/div>\n\t\t\t\t<\/div>\n\t\t<div class=\"elementor-element elementor-element-ec05d0a e-con-full e-flex e-con e-child\" data-id=\"ec05d0a\" data-element_type=\"container\" data-e-type=\"container\">\n\t\t\t\t<div class=\"elementor-element elementor-element-3c73918 elementor-widget elementor-widget-heading\" data-id=\"3c73918\" data-element_type=\"widget\" data-e-type=\"widget\" data-widget_type=\"heading.default\">\n\t\t\t\t<div class=\"elementor-widget-container\">\n\t\t\t\t\t<h2 class=\"elementor-heading-title elementor-size-default\">FA Alumni<br> at High School<\/h2>\t\t\t\t<\/div>\n\t\t\t\t<\/div>\n\t\t\t\t<\/div>\n\t\t\t\t\t<\/div>\n\t\t\t\t<\/div>\n\t\t<div class=\"elementor-element elementor-element-b0e7c3f e-con-full e-flex e-con e-parent\" data-id=\"b0e7c3f\" data-element_type=\"container\" data-e-type=\"container\" data-settings=\"{&quot;background_background&quot;:&quot;classic&quot;}\">\n\t\t<div class=\"elementor-element elementor-element-38e28d7 e-con-full e-flex e-con e-child\" data-id=\"38e28d7\" data-element_type=\"container\" data-e-type=\"container\">\n\t\t<div class=\"elementor-element elementor-element-838ff2e e-con-full the7-e-sticky-row-yes e-flex e-con e-child\" data-id=\"838ff2e\" data-element_type=\"container\" data-e-type=\"container\" data-settings=\"{&quot;the7_sticky_row&quot;:&quot;yes&quot;,&quot;the7_sticky_row_devices&quot;:[&quot;desktop&quot;],&quot;the7_sticky_row_offset&quot;:100,&quot;background_background&quot;:&quot;classic&quot;}\">\n\t\t\t\t<div class=\"elementor-element elementor-element-1484901 elementor-widget elementor-widget-heading\" data-id=\"1484901\" data-element_type=\"widget\" data-e-type=\"widget\" data-widget_type=\"heading.default\">\n\t\t\t\t<div class=\"elementor-widget-container\">\n\t\t\t\t\t<h2 class=\"elementor-heading-title elementor-size-default\">Rechercher un r\u00e9cipiendaire<\/h2>\t\t\t\t<\/div>\n\t\t\t\t<\/div>\n\t\t\t\t<div class=\"elementor-element elementor-element-c325976 elementor-widget elementor-widget-wpgb-facet\" data-id=\"c325976\" data-element_type=\"widget\" data-e-type=\"widget\" data-widget_type=\"wpgb-facet.default\">\n\t\t\t\t<div class=\"elementor-widget-container\">\n\t\t\t\t\t<div class=\"wpgb-facet wpgb-loading wpgb-facet-2 wpgb-style-4\" data-facet=\"2\" data-grid=\"4\">\t<fieldset>\n\t\t<legend class=\"wpgb-facet-title wpgb-sr-only\">Rechercher<\/legend>\n\t\t<div class=\"wpgb-search-facet\"><label>\n\t\t\t\t<span class=\"wpgb-sr-only\">Search content<\/span>\n\t\t\t\t<input class=\"wpgb-input\" type=\"search\" name=\"search_test\" placeholder=\"Taper pour rechercher\" value=\"\" autocomplete=\"off\">\n\t\t\t\t<svg class=\"wpgb-input-icon\" viewBox=\"0 0 24 24\" height=\"16\" width=\"16\" aria-hidden=\"true\" focusable=\"false\"><path d=\"M17.5 17.5 23 23Zm-16-7a9 9 0 1 1 9 9 9 9 0 0 1-9-9Z\"\/><\/svg>\n\t\t\t<\/label><button type=\"button\" class=\"wpgb-clear-button\" hidden><span class=\"wpgb-sr-only\">Clear<\/span><svg viewBox=\"0 0 24 24\" height=\"24\" width=\"24\" aria-hidden=\"true\" focusable=\"false\"><path d=\"m12 12-4.25 4.75L12.001 12 7.75 7.25 12.001 12l4.249-4.75L12 12l4.25 4.75Z\"\/><\/svg><\/button><\/div>\t<\/fieldset>\n\t<\/div>\t\t\t\t<\/div>\n\t\t\t\t<\/div>\n\t\t\t\t<div class=\"elementor-element elementor-element-a05556b elementor-widget elementor-widget-wpgb-facet\" data-id=\"a05556b\" data-element_type=\"widget\" data-e-type=\"widget\" data-widget_type=\"wpgb-facet.default\">\n\t\t\t\t<div class=\"elementor-widget-container\">\n\t\t\t\t\t<div class=\"wpgb-facet wpgb-loading wpgb-facet-13 wpgb-style-4\" data-facet=\"13\" data-grid=\"4\"><\/div>\t\t\t\t<\/div>\n\t\t\t\t<\/div>\n\t\t\t\t<div class=\"elementor-element elementor-element-fdbb1d6 elementor-widget elementor-widget-wpgb-facet\" data-id=\"fdbb1d6\" data-element_type=\"widget\" data-e-type=\"widget\" data-widget_type=\"wpgb-facet.default\">\n\t\t\t\t<div class=\"elementor-widget-container\">\n\t\t\t\t\t<div class=\"wpgb-facet wpgb-loading wpgb-facet-16 wpgb-style-4\" data-facet=\"16\" data-grid=\"4\"><\/div>\t\t\t\t<\/div>\n\t\t\t\t<\/div>\n\t\t\t\t<div class=\"elementor-element elementor-element-717e61b elementor-widget elementor-widget-wpgb-facet\" data-id=\"717e61b\" data-element_type=\"widget\" data-e-type=\"widget\" data-widget_type=\"wpgb-facet.default\">\n\t\t\t\t<div class=\"elementor-widget-container\">\n\t\t\t\t\t<div class=\"wpgb-facet wpgb-loading wpgb-facet-15 wpgb-style-4\" data-facet=\"15\" data-grid=\"4\"><\/div>\t\t\t\t<\/div>\n\t\t\t\t<\/div>\n\t\t\t\t<div class=\"elementor-element elementor-element-e043f80 elementor-widget elementor-widget-wpgb-facet\" data-id=\"e043f80\" data-element_type=\"widget\" data-e-type=\"widget\" data-widget_type=\"wpgb-facet.default\">\n\t\t\t\t<div class=\"elementor-widget-container\">\n\t\t\t\t\t<div class=\"wpgb-facet wpgb-loading wpgb-facet-27 wpgb-style-4\" data-facet=\"27\" data-grid=\"4\"><\/div>\t\t\t\t<\/div>\n\t\t\t\t<\/div>\n\t\t\t\t<div class=\"elementor-element elementor-element-9419e47 elementor-widget elementor-widget-wpgb-facet\" data-id=\"9419e47\" data-element_type=\"widget\" data-e-type=\"widget\" data-widget_type=\"wpgb-facet.default\">\n\t\t\t\t<div class=\"elementor-widget-container\">\n\t\t\t\t\t<div class=\"wpgb-facet wpgb-loading wpgb-facet-4 wpgb-style-4\" data-facet=\"4\" data-grid=\"4\"><button type=\"button\" class=\"wpgb-button wpgb-reset\" name=\"reset\">R\u00e9initialiser<\/button><\/div>\t\t\t\t<\/div>\n\t\t\t\t<\/div>\n\t\t\t\t<\/div>\n\t\t\t\t<\/div>\n\t\t<div class=\"elementor-element elementor-element-3a59576 e-con-full e-flex e-con e-child\" data-id=\"3a59576\" data-element_type=\"container\" data-e-type=\"container\">\n\t\t\t\t<div class=\"elementor-element elementor-element-0a09a67 elementor-widget elementor-widget-wpgb-grid\" data-id=\"0a09a67\" data-element_type=\"widget\" data-e-type=\"widget\" data-widget_type=\"wpgb-grid.default\">\n\t\t\t\t<div class=\"elementor-widget-container\">\n\t\t\t\t\t<!-- Gridbuilder \u1d42\u1d3e Plugin (https:\/\/wpgridbuilder.com) -->\n<div class=\"wp-grid-builder wpgb-grid-4\" data-options=\"{&quot;id&quot;:4,&quot;type&quot;:&quot;masonry&quot;,&quot;source&quot;:&quot;post_type&quot;,&quot;loader&quot;:true,&quot;layout&quot;:&quot;vertical&quot;,&quot;reveal&quot;:1,&quot;isMainQuery&quot;:false,&quot;lazyLoad&quot;:true,&quot;cardSizes&quot;:{&quot;9999&quot;:{&quot;columns&quot;:4,&quot;height&quot;:240,&quot;gutter&quot;:28,&quot;ratio&quot;:&quot;1.33333&quot;},&quot;1200&quot;:{&quot;columns&quot;:2,&quot;height&quot;:240,&quot;gutter&quot;:28,&quot;ratio&quot;:&quot;1.33333&quot;},&quot;992&quot;:{&quot;columns&quot;:2,&quot;height&quot;:220,&quot;gutter&quot;:28,&quot;ratio&quot;:&quot;1.33333&quot;},&quot;768&quot;:{&quot;columns&quot;:1,&quot;height&quot;:220,&quot;gutter&quot;:28,&quot;ratio&quot;:&quot;1.33333&quot;},&quot;576&quot;:{&quot;columns&quot;:1,&quot;height&quot;:200,&quot;gutter&quot;:28,&quot;ratio&quot;:&quot;1.33333&quot;},&quot;320&quot;:{&quot;columns&quot;:1,&quot;height&quot;:200,&quot;gutter&quot;:28,&quot;ratio&quot;:&quot;1.33333&quot;}},&quot;fitRows&quot;:true,&quot;equalRows&quot;:0,&quot;equalColumns&quot;:true,&quot;fillLastRow&quot;:0,&quot;centerLastRow&quot;:0,&quot;horizontalOrder&quot;:true,&quot;fullWidth&quot;:false,&quot;transitionDelay&quot;:100,&quot;gallerySlideshow&quot;:false,&quot;rowsNumber&quot;:1,&quot;slideAlign&quot;:&quot;left&quot;,&quot;groupCells&quot;:1,&quot;draggable&quot;:true,&quot;initialIndex&quot;:0,&quot;contain&quot;:false,&quot;freeScroll&quot;:false,&quot;freeFriction&quot;:&quot;0.075&quot;,&quot;friction&quot;:&quot;0.285&quot;,&quot;attraction&quot;:&quot;0.025&quot;,&quot;autoPlay&quot;:0,&quot;pageDotAriaLabel&quot;:&quot;Page dot %d&quot;,&quot;isPreview&quot;:false,&quot;isGutenberg&quot;:false,&quot;rightToLeft&quot;:false}\"><div class=\"wpgb-svg-icons\" hidden>\n\t<svg viewBox=\"0 0 120 24\" width=\"0\" height=\"0\">\n\t<defs>\n        <polygon id=\"wpgb-star-svg\" points=\"12 2.5 15.1 8.8 22 9.8 17 14.6 18.2 21.5 12 18.3 5.8 21.5 7 14.6 2 9.8 8.9 8.8\"><\/polygon>\n    <\/defs>\n    <symbol id=\"wpgb-rating-stars-svg\">\n        <use xlink:href=\"#wpgb-star-svg\"><\/use>\n        <use xlink:href=\"#wpgb-star-svg\" x=\"24\"><\/use>\n        <use xlink:href=\"#wpgb-star-svg\" x=\"48\"><\/use>\n        <use xlink:href=\"#wpgb-star-svg\" x=\"72\"><\/use>\n        <use xlink:href=\"#wpgb-star-svg\" x=\"96\"><\/use>\n    <\/symbol>\n<\/svg>\n<\/div>\n<div class=\"wpgb-wrapper\">\n\t<div class=\"wpgb-main\">\n\t<div class=\"wpgb-layout\">\n\t<div class=\"wpgb-viewport\">\n\t\t<div class=\"wpgb-masonry\">\n\t\t\t<div class=\"wpgb-card wpgb-no-result\" data-col=\"12\" data-row=\"1\">\n\t<div class=\"wpgb-card-wrapper\">\n\t\tSorry, no articles found.\t<\/div>\n<\/div>\n\t\t<\/div>\n\t<\/div>\n\t<div class=\"wpgb-loader\">\n\t<div class=\"wpgb-loader-17\">\n\t\t<div><div><\/div><div><\/div><\/div>\t<\/div>\n<\/div>\n<\/div>\n\t<\/div>\n\t\t<\/div>\n<\/div>\n\t\t\t\t<\/div>\n\t\t\t\t<\/div>\n\t\t\t\t<div class=\"elementor-element elementor-element-b7ae111 elementor-widget elementor-widget-wpgb-facet\" data-id=\"b7ae111\" data-element_type=\"widget\" data-e-type=\"widget\" data-widget_type=\"wpgb-facet.default\">\n\t\t\t\t<div class=\"elementor-widget-container\">\n\t\t\t\t\t<div class=\"wpgb-facet wpgb-loading wpgb-facet-5 wpgb-style-4\" data-facet=\"5\" data-grid=\"4\"><\/div>\t\t\t\t<\/div>\n\t\t\t\t<\/div>\n\t\t\t\t<\/div>\n\t\t\t\t<\/div>\n\t\t\t\t<\/div>\n\t\t","protected":false},"excerpt":{"rendered":"<p>FA Alumni at High School Rechercher un r\u00e9cipiendaire Rechercher Rechercher Effacer Par ann\u00e9e Par ann\u00e9e Par ann\u00e9eChoisir une ann\u00e9e2014201320122011 Par cat\u00e9gorie Par cat\u00e9gorie Par cat\u00e9gorieChoisir une cat\u00e9gorieAVENIR Entraide, paix et justice&nbsp;(1) Par \u00e9tablissement Par \u00e9tablissement Par \u00e9tablissementChoisir un \u00e9tablissementColl\u00e8ge Montmorency&nbsp;(1) R\u00e9initialiser La vie en spectacle 2 2014 Pascale Laveault-Allard 2014 R\u00e9zonans Anpil 2014 Dounia Saboori&hellip;<\/p>\n","protected":false},"author":1,"featured_media":0,"parent":1977,"menu_order":0,"comment_status":"closed","ping_status":"closed","template":"elementor_header_footer","meta":{"_acf_changed":false,"footnotes":""},"class_list":["post-25966","page","type-page","status-publish","hentry"],"acf":[],"yoast_head":"<!-- This site is optimized with the Yoast SEO plugin v27.3 - https:\/\/yoast.com\/product\/yoast-seo-wordpress\/ -->\n<title>High School FA Alumni - Forces AVENIR<\/title>\n<meta name=\"robots\" content=\"index, follow, max-snippet:-1, max-image-preview:large, max-video-preview:-1\" \/>\n<link rel=\"canonical\" href=\"https:\/\/forcesavenir.com\/en\/alumni\/high-school-fa-alumni-6\/\" \/>\n<meta property=\"og:locale\" content=\"en_US\" \/>\n<meta property=\"og:type\" content=\"article\" \/>\n<meta property=\"og:title\" content=\"High School FA Alumni - Forces AVENIR\" \/>\n<meta property=\"og:description\" content=\"FA Alumni at High School Rechercher un r\u00e9cipiendaire Rechercher Rechercher Effacer Par ann\u00e9e Par ann\u00e9e Par ann\u00e9eChoisir une ann\u00e9e2014201320122011 Par cat\u00e9gorie Par cat\u00e9gorie Par cat\u00e9gorieChoisir une cat\u00e9gorieAVENIR Entraide, paix et justice&nbsp;(1) Par \u00e9tablissement Par \u00e9tablissement Par \u00e9tablissementChoisir un \u00e9tablissementColl\u00e8ge Montmorency&nbsp;(1) R\u00e9initialiser La vie en spectacle 2 2014 Pascale Laveault-Allard 2014 R\u00e9zonans Anpil 2014 Dounia Saboori&hellip;\" \/>\n<meta property=\"og:url\" content=\"https:\/\/forcesavenir.com\/en\/alumni\/high-school-fa-alumni-6\/\" \/>\n<meta property=\"og:site_name\" content=\"Forces AVENIR\" \/>\n<meta property=\"article:publisher\" content=\"https:\/\/www.facebook.com\/ForcesAVENIR\/\" \/>\n<meta property=\"article:modified_time\" content=\"2025-10-23T20:40:29+00:00\" \/>\n<meta property=\"og:image\" content=\"https:\/\/forcesavenir.com\/wp-content\/uploads\/2024\/03\/programme_collegial_img.webp\" \/>\n<meta name=\"twitter:card\" content=\"summary_large_image\" \/>\n<meta name=\"twitter:site\" content=\"@forcesavenir\" \/>\n<meta name=\"twitter:label1\" content=\"Est. reading time\" \/>\n\t<meta name=\"twitter:data1\" content=\"1 minute\" \/>\n<script type=\"application\/ld+json\" class=\"yoast-schema-graph\">{\"@context\":\"https:\\\/\\\/schema.org\",\"@graph\":[{\"@type\":\"WebPage\",\"@id\":\"https:\\\/\\\/forcesavenir.com\\\/en\\\/alumni\\\/high-school-fa-alumni-6\\\/\",\"url\":\"https:\\\/\\\/forcesavenir.com\\\/en\\\/alumni\\\/high-school-fa-alumni-6\\\/\",\"name\":\"High School FA Alumni - Forces AVENIR\",\"isPartOf\":{\"@id\":\"https:\\\/\\\/forcesavenir.com\\\/en\\\/#website\"},\"primaryImageOfPage\":{\"@id\":\"https:\\\/\\\/forcesavenir.com\\\/en\\\/alumni\\\/high-school-fa-alumni-6\\\/#primaryimage\"},\"image\":{\"@id\":\"https:\\\/\\\/forcesavenir.com\\\/en\\\/alumni\\\/high-school-fa-alumni-6\\\/#primaryimage\"},\"thumbnailUrl\":\"https:\\\/\\\/forcesavenir.com\\\/wp-content\\\/uploads\\\/2024\\\/03\\\/programme_collegial_img.webp\",\"datePublished\":\"2025-10-23T20:22:38+00:00\",\"dateModified\":\"2025-10-23T20:40:29+00:00\",\"breadcrumb\":{\"@id\":\"https:\\\/\\\/forcesavenir.com\\\/en\\\/alumni\\\/high-school-fa-alumni-6\\\/#breadcrumb\"},\"inLanguage\":\"en-US\",\"potentialAction\":[{\"@type\":\"ReadAction\",\"target\":[\"https:\\\/\\\/forcesavenir.com\\\/en\\\/alumni\\\/high-school-fa-alumni-6\\\/\"]}]},{\"@type\":\"ImageObject\",\"inLanguage\":\"en-US\",\"@id\":\"https:\\\/\\\/forcesavenir.com\\\/en\\\/alumni\\\/high-school-fa-alumni-6\\\/#primaryimage\",\"url\":\"https:\\\/\\\/forcesavenir.com\\\/wp-content\\\/uploads\\\/2024\\\/03\\\/programme_collegial_img.webp\",\"contentUrl\":\"https:\\\/\\\/forcesavenir.com\\\/wp-content\\\/uploads\\\/2024\\\/03\\\/programme_collegial_img.webp\"},{\"@type\":\"BreadcrumbList\",\"@id\":\"https:\\\/\\\/forcesavenir.com\\\/en\\\/alumni\\\/high-school-fa-alumni-6\\\/#breadcrumb\",\"itemListElement\":[{\"@type\":\"ListItem\",\"position\":1,\"name\":\"Accueil\",\"item\":\"https:\\\/\\\/forcesavenir.com\\\/en\\\/\"},{\"@type\":\"ListItem\",\"position\":2,\"name\":\"Alumni\",\"item\":\"https:\\\/\\\/forcesavenir.com\\\/en\\\/alumni\\\/\"},{\"@type\":\"ListItem\",\"position\":3,\"name\":\"High School FA Alumni\"}]},{\"@type\":\"WebSite\",\"@id\":\"https:\\\/\\\/forcesavenir.com\\\/en\\\/#website\",\"url\":\"https:\\\/\\\/forcesavenir.com\\\/en\\\/\",\"name\":\"Forces AVENIR\",\"description\":\"\",\"publisher\":{\"@id\":\"https:\\\/\\\/forcesavenir.com\\\/en\\\/#organization\"},\"potentialAction\":[{\"@type\":\"SearchAction\",\"target\":{\"@type\":\"EntryPoint\",\"urlTemplate\":\"https:\\\/\\\/forcesavenir.com\\\/en\\\/?s={search_term_string}\"},\"query-input\":{\"@type\":\"PropertyValueSpecification\",\"valueRequired\":true,\"valueName\":\"search_term_string\"}}],\"inLanguage\":\"en-US\"},{\"@type\":\"Organization\",\"@id\":\"https:\\\/\\\/forcesavenir.com\\\/en\\\/#organization\",\"name\":\"Forces AVENIR\",\"url\":\"https:\\\/\\\/forcesavenir.com\\\/en\\\/\",\"logo\":{\"@type\":\"ImageObject\",\"inLanguage\":\"en-US\",\"@id\":\"https:\\\/\\\/forcesavenir.com\\\/en\\\/#\\\/schema\\\/logo\\\/image\\\/\",\"url\":\"https:\\\/\\\/forcesavenir.com\\\/wp-content\\\/uploads\\\/2024\\\/03\\\/Logo_FA_500px.webp\",\"contentUrl\":\"https:\\\/\\\/forcesavenir.com\\\/wp-content\\\/uploads\\\/2024\\\/03\\\/Logo_FA_500px.webp\",\"width\":500,\"height\":223,\"caption\":\"Forces AVENIR\"},\"image\":{\"@id\":\"https:\\\/\\\/forcesavenir.com\\\/en\\\/#\\\/schema\\\/logo\\\/image\\\/\"},\"sameAs\":[\"https:\\\/\\\/www.facebook.com\\\/ForcesAVENIR\\\/\",\"https:\\\/\\\/x.com\\\/forcesavenir\",\"https:\\\/\\\/www.instagram.com\\\/forcesavenir\\\/\",\"https:\\\/\\\/www.youtube.com\\\/user\\\/ForcesAvenir\"]}]}<\/script>\n<!-- \/ Yoast SEO plugin. -->","yoast_head_json":{"title":"High School FA Alumni - Forces AVENIR","robots":{"index":"index","follow":"follow","max-snippet":"max-snippet:-1","max-image-preview":"max-image-preview:large","max-video-preview":"max-video-preview:-1"},"canonical":"https:\/\/forcesavenir.com\/en\/alumni\/high-school-fa-alumni-6\/","og_locale":"en_US","og_type":"article","og_title":"High School FA Alumni - Forces AVENIR","og_description":"FA Alumni at High School Rechercher un r\u00e9cipiendaire Rechercher Rechercher Effacer Par ann\u00e9e Par ann\u00e9e Par ann\u00e9eChoisir une ann\u00e9e2014201320122011 Par cat\u00e9gorie Par cat\u00e9gorie Par cat\u00e9gorieChoisir une cat\u00e9gorieAVENIR Entraide, paix et justice&nbsp;(1) Par \u00e9tablissement Par \u00e9tablissement Par \u00e9tablissementChoisir un \u00e9tablissementColl\u00e8ge Montmorency&nbsp;(1) R\u00e9initialiser La vie en spectacle 2 2014 Pascale Laveault-Allard 2014 R\u00e9zonans Anpil 2014 Dounia Saboori&hellip;","og_url":"https:\/\/forcesavenir.com\/en\/alumni\/high-school-fa-alumni-6\/","og_site_name":"Forces AVENIR","article_publisher":"https:\/\/www.facebook.com\/ForcesAVENIR\/","article_modified_time":"2025-10-23T20:40:29+00:00","og_image":[{"url":"https:\/\/forcesavenir.com\/wp-content\/uploads\/2024\/03\/programme_collegial_img.webp","type":"","width":"","height":""}],"twitter_card":"summary_large_image","twitter_site":"@forcesavenir","twitter_misc":{"Est. reading time":"1 minute"},"schema":{"@context":"https:\/\/schema.org","@graph":[{"@type":"WebPage","@id":"https:\/\/forcesavenir.com\/en\/alumni\/high-school-fa-alumni-6\/","url":"https:\/\/forcesavenir.com\/en\/alumni\/high-school-fa-alumni-6\/","name":"High School FA Alumni - Forces AVENIR","isPartOf":{"@id":"https:\/\/forcesavenir.com\/en\/#website"},"primaryImageOfPage":{"@id":"https:\/\/forcesavenir.com\/en\/alumni\/high-school-fa-alumni-6\/#primaryimage"},"image":{"@id":"https:\/\/forcesavenir.com\/en\/alumni\/high-school-fa-alumni-6\/#primaryimage"},"thumbnailUrl":"https:\/\/forcesavenir.com\/wp-content\/uploads\/2024\/03\/programme_collegial_img.webp","datePublished":"2025-10-23T20:22:38+00:00","dateModified":"2025-10-23T20:40:29+00:00","breadcrumb":{"@id":"https:\/\/forcesavenir.com\/en\/alumni\/high-school-fa-alumni-6\/#breadcrumb"},"inLanguage":"en-US","potentialAction":[{"@type":"ReadAction","target":["https:\/\/forcesavenir.com\/en\/alumni\/high-school-fa-alumni-6\/"]}]},{"@type":"ImageObject","inLanguage":"en-US","@id":"https:\/\/forcesavenir.com\/en\/alumni\/high-school-fa-alumni-6\/#primaryimage","url":"https:\/\/forcesavenir.com\/wp-content\/uploads\/2024\/03\/programme_collegial_img.webp","contentUrl":"https:\/\/forcesavenir.com\/wp-content\/uploads\/2024\/03\/programme_collegial_img.webp"},{"@type":"BreadcrumbList","@id":"https:\/\/forcesavenir.com\/en\/alumni\/high-school-fa-alumni-6\/#breadcrumb","itemListElement":[{"@type":"ListItem","position":1,"name":"Accueil","item":"https:\/\/forcesavenir.com\/en\/"},{"@type":"ListItem","position":2,"name":"Alumni","item":"https:\/\/forcesavenir.com\/en\/alumni\/"},{"@type":"ListItem","position":3,"name":"High School FA Alumni"}]},{"@type":"WebSite","@id":"https:\/\/forcesavenir.com\/en\/#website","url":"https:\/\/forcesavenir.com\/en\/","name":"Forces AVENIR","description":"","publisher":{"@id":"https:\/\/forcesavenir.com\/en\/#organization"},"potentialAction":[{"@type":"SearchAction","target":{"@type":"EntryPoint","urlTemplate":"https:\/\/forcesavenir.com\/en\/?s={search_term_string}"},"query-input":{"@type":"PropertyValueSpecification","valueRequired":true,"valueName":"search_term_string"}}],"inLanguage":"en-US"},{"@type":"Organization","@id":"https:\/\/forcesavenir.com\/en\/#organization","name":"Forces AVENIR","url":"https:\/\/forcesavenir.com\/en\/","logo":{"@type":"ImageObject","inLanguage":"en-US","@id":"https:\/\/forcesavenir.com\/en\/#\/schema\/logo\/image\/","url":"https:\/\/forcesavenir.com\/wp-content\/uploads\/2024\/03\/Logo_FA_500px.webp","contentUrl":"https:\/\/forcesavenir.com\/wp-content\/uploads\/2024\/03\/Logo_FA_500px.webp","width":500,"height":223,"caption":"Forces AVENIR"},"image":{"@id":"https:\/\/forcesavenir.com\/en\/#\/schema\/logo\/image\/"},"sameAs":["https:\/\/www.facebook.com\/ForcesAVENIR\/","https:\/\/x.com\/forcesavenir","https:\/\/www.instagram.com\/forcesavenir\/","https:\/\/www.youtube.com\/user\/ForcesAvenir"]}]}},"_links":{"self":[{"href":"https:\/\/forcesavenir.com\/en\/wp-json\/wp\/v2\/pages\/25966","targetHints":{"allow":["GET"]}}],"collection":[{"href":"https:\/\/forcesavenir.com\/en\/wp-json\/wp\/v2\/pages"}],"about":[{"href":"https:\/\/forcesavenir.com\/en\/wp-json\/wp\/v2\/types\/page"}],"author":[{"embeddable":true,"href":"https:\/\/forcesavenir.com\/en\/wp-json\/wp\/v2\/users\/1"}],"replies":[{"embeddable":true,"href":"https:\/\/forcesavenir.com\/en\/wp-json\/wp\/v2\/comments?post=25966"}],"version-history":[{"count":0,"href":"https:\/\/forcesavenir.com\/en\/wp-json\/wp\/v2\/pages\/25966\/revisions"}],"up":[{"embeddable":true,"href":"https:\/\/forcesavenir.com\/en\/wp-json\/wp\/v2\/pages\/1977"}],"wp:attachment":[{"href":"https:\/\/forcesavenir.com\/en\/wp-json\/wp\/v2\/media?parent=25966"}],"curies":[{"name":"wp","href":"https:\/\/api.w.org\/{rel}","templated":true}]}}