{"id":1994,"date":"2024-03-28T23:05:59","date_gmt":"2024-03-29T03:05:59","guid":{"rendered":"https:\/\/editionsmr-dev.com\/fa-collegial-recipients\/"},"modified":"2024-05-01T10:54:56","modified_gmt":"2024-05-01T14:54:56","slug":"fa-collegial-recipients","status":"publish","type":"page","link":"https:\/\/forcesavenir.com\/en\/fa-collegial-recipients\/","title":{"rendered":"FA Collegial recipients"},"content":{"rendered":"\t\t<div data-elementor-type=\"wp-page\" data-elementor-id=\"1994\" class=\"elementor elementor-1994\" data-elementor-post-type=\"page\">\n\t\t\t\t<div class=\"elementor-element elementor-element-7b7a12e3 e-flex e-con-boxed e-con e-parent\" data-id=\"7b7a12e3\" data-element_type=\"container\" data-e-type=\"container\">\n\t\t\t\t\t<div class=\"e-con-inner\">\n\t\t<div class=\"elementor-element elementor-element-9364225 e-con-full e-flex e-con e-child\" data-id=\"9364225\" data-element_type=\"container\" data-e-type=\"container\">\n\t\t\t\t<div class=\"elementor-element elementor-element-a01a894 elementor-widget elementor-widget-image\" data-id=\"a01a894\" data-element_type=\"widget\" data-e-type=\"widget\" data-widget_type=\"image.default\">\n\t\t\t\t<div class=\"elementor-widget-container\">\n\t\t\t\t\t\t\t\t\t\t\t\t\t\t\t<img loading=\"lazy\" decoding=\"async\" width=\"262\" height=\"263\" src=\"https:\/\/forcesavenir.com\/wp-content\/uploads\/2024\/03\/programme_collegial_img.webp\" class=\"attachment-full size-full wp-image-1616\" alt=\"\" srcset=\"https:\/\/forcesavenir.com\/wp-content\/uploads\/2024\/03\/programme_collegial_img.webp 262w, https:\/\/forcesavenir.com\/wp-content\/uploads\/2024\/03\/programme_collegial_img-150x150.webp 150w\" sizes=\"auto, (max-width: 262px) 100vw, 262px\" \/>\t\t\t\t\t\t\t\t\t\t\t\t\t\t\t<\/div>\n\t\t\t\t<\/div>\n\t\t\t\t<\/div>\n\t\t<div class=\"elementor-element elementor-element-3ba3a0dc e-con-full e-flex e-con e-child\" data-id=\"3ba3a0dc\" data-element_type=\"container\" data-e-type=\"container\">\n\t\t\t\t<div class=\"elementor-element elementor-element-7c7c290b elementor-widget elementor-widget-heading\" data-id=\"7c7c290b\" data-element_type=\"widget\" data-e-type=\"widget\" data-widget_type=\"heading.default\">\n\t\t\t\t<div class=\"elementor-widget-container\">\n\t\t\t\t\t<h2 class=\"elementor-heading-title elementor-size-default\">FA recipients<br>at college<\/h2>\t\t\t\t<\/div>\n\t\t\t\t<\/div>\n\t\t\t\t<\/div>\n\t\t\t\t\t<\/div>\n\t\t\t\t<\/div>\n\t\t<div class=\"elementor-element elementor-element-b0e7c3f e-con-full e-flex e-con e-parent\" data-id=\"b0e7c3f\" data-element_type=\"container\" data-e-type=\"container\" data-settings=\"{&quot;background_background&quot;:&quot;classic&quot;}\">\n\t\t<div class=\"elementor-element elementor-element-38e28d7 e-con-full e-flex e-con e-child\" data-id=\"38e28d7\" data-element_type=\"container\" data-e-type=\"container\">\n\t\t<div class=\"elementor-element elementor-element-15ab25b e-con-full the7-e-sticky-row-yes e-flex e-con e-child\" data-id=\"15ab25b\" data-element_type=\"container\" data-e-type=\"container\" data-settings=\"{&quot;the7_sticky_row&quot;:&quot;yes&quot;,&quot;the7_sticky_row_devices&quot;:[&quot;desktop&quot;],&quot;the7_sticky_row_offset&quot;:100,&quot;background_background&quot;:&quot;classic&quot;}\">\n\t\t\t\t<div class=\"elementor-element elementor-element-d40d0b9 elementor-widget elementor-widget-heading\" data-id=\"d40d0b9\" data-element_type=\"widget\" data-e-type=\"widget\" data-widget_type=\"heading.default\">\n\t\t\t\t<div class=\"elementor-widget-container\">\n\t\t\t\t\t<h2 class=\"elementor-heading-title elementor-size-default\">Search for a College recipient<\/h2>\t\t\t\t<\/div>\n\t\t\t\t<\/div>\n\t\t\t\t<\/div>\n\t\t\t\t<\/div>\n\t\t<div class=\"elementor-element elementor-element-3a59576 e-con-full e-flex e-con e-child\" data-id=\"3a59576\" data-element_type=\"container\" data-e-type=\"container\">\n\t\t\t\t<\/div>\n\t\t\t\t<\/div>\n\t\t\t\t<\/div>\n\t\t","protected":false},"excerpt":{"rendered":"<p>FA recipientsat college Search for a College recipient Par ann\u00e9e20112012201320142015201620172018201920202021202220232024 Par cat\u00e9gorieAVENIR Arts, lettres et cultureAVENIR \u00c9conomie sociale, entrepreneuriat et affairesAVENIR Entraide, paix et justiceAVENIR EnvironnementAVENIR Personnalit\u00e9 engag\u00e9eAVENIR Personnalit\u00e9 pers\u00e9v\u00e9ranteAVENIR Personnel engag\u00e9AVENIR Sant\u00e9 et saines habitudes de vieAVENIR Sciences et technologiesAVENIR Soci\u00e9t\u00e9, communications et \u00e9ducation Par \u00e9tablissementC\u00e9gep Andr\u00e9-LaurendeauC\u00e9gep Beauce-AppalachesC\u00e9gep Champlain St. LawrenceC\u00e9gep de ChicoutimiC\u00e9gep de&hellip;<\/p>\n","protected":false},"author":1,"featured_media":0,"parent":0,"menu_order":0,"comment_status":"closed","ping_status":"closed","template":"elementor_header_footer","meta":{"_acf_changed":false,"footnotes":""},"class_list":["post-1994","page","type-page","status-publish","hentry"],"acf":[],"yoast_head":"<!-- This site is optimized with the Yoast SEO plugin v27.5 - https:\/\/yoast.com\/product\/yoast-seo-wordpress\/ -->\n<title>FA Collegial recipients - Forces AVENIR<\/title>\n<meta name=\"robots\" content=\"index, follow, max-snippet:-1, max-image-preview:large, max-video-preview:-1\" \/>\n<link rel=\"canonical\" href=\"https:\/\/forcesavenir.com\/en\/fa-collegial-recipients\/\" \/>\n<meta property=\"og:locale\" content=\"en_US\" \/>\n<meta property=\"og:type\" content=\"article\" \/>\n<meta property=\"og:title\" content=\"FA Collegial recipients - Forces AVENIR\" \/>\n<meta property=\"og:description\" content=\"FA recipientsat college Search for a College recipient Par ann\u00e9e20112012201320142015201620172018201920202021202220232024 Par cat\u00e9gorieAVENIR Arts, lettres et cultureAVENIR \u00c9conomie sociale, entrepreneuriat et affairesAVENIR Entraide, paix et justiceAVENIR EnvironnementAVENIR Personnalit\u00e9 engag\u00e9eAVENIR Personnalit\u00e9 pers\u00e9v\u00e9ranteAVENIR Personnel engag\u00e9AVENIR Sant\u00e9 et saines habitudes de vieAVENIR Sciences et technologiesAVENIR Soci\u00e9t\u00e9, communications et \u00e9ducation Par \u00e9tablissementC\u00e9gep Andr\u00e9-LaurendeauC\u00e9gep Beauce-AppalachesC\u00e9gep Champlain St. LawrenceC\u00e9gep de ChicoutimiC\u00e9gep de&hellip;\" \/>\n<meta property=\"og:url\" content=\"https:\/\/forcesavenir.com\/en\/fa-collegial-recipients\/\" \/>\n<meta property=\"og:site_name\" content=\"Forces AVENIR\" \/>\n<meta property=\"article:publisher\" content=\"https:\/\/www.facebook.com\/ForcesAVENIR\/\" \/>\n<meta property=\"article:modified_time\" content=\"2024-05-01T14:54:56+00:00\" \/>\n<meta property=\"og:image\" content=\"https:\/\/editionsmr-dev.com\/wp-content\/uploads\/2024\/03\/programme_collegial_img.webp\" \/>\n<meta name=\"twitter:card\" content=\"summary_large_image\" \/>\n<meta name=\"twitter:site\" content=\"@forcesavenir\" \/>\n<meta name=\"twitter:label1\" content=\"Est. reading time\" \/>\n\t<meta name=\"twitter:data1\" content=\"1 minute\" \/>\n<script type=\"application\/ld+json\" class=\"yoast-schema-graph\">{\"@context\":\"https:\\\/\\\/schema.org\",\"@graph\":[{\"@type\":\"WebPage\",\"@id\":\"https:\\\/\\\/forcesavenir.com\\\/en\\\/fa-collegial-recipients\\\/\",\"url\":\"https:\\\/\\\/forcesavenir.com\\\/en\\\/fa-collegial-recipients\\\/\",\"name\":\"FA Collegial recipients - Forces AVENIR\",\"isPartOf\":{\"@id\":\"https:\\\/\\\/forcesavenir.com\\\/en\\\/#website\"},\"primaryImageOfPage\":{\"@id\":\"https:\\\/\\\/forcesavenir.com\\\/en\\\/fa-collegial-recipients\\\/#primaryimage\"},\"image\":{\"@id\":\"https:\\\/\\\/forcesavenir.com\\\/en\\\/fa-collegial-recipients\\\/#primaryimage\"},\"thumbnailUrl\":\"https:\\\/\\\/editionsmr-dev.com\\\/wp-content\\\/uploads\\\/2024\\\/03\\\/programme_collegial_img.webp\",\"datePublished\":\"2024-03-29T03:05:59+00:00\",\"dateModified\":\"2024-05-01T14:54:56+00:00\",\"breadcrumb\":{\"@id\":\"https:\\\/\\\/forcesavenir.com\\\/en\\\/fa-collegial-recipients\\\/#breadcrumb\"},\"inLanguage\":\"en-US\",\"potentialAction\":[{\"@type\":\"ReadAction\",\"target\":[\"https:\\\/\\\/forcesavenir.com\\\/en\\\/fa-collegial-recipients\\\/\"]}]},{\"@type\":\"ImageObject\",\"inLanguage\":\"en-US\",\"@id\":\"https:\\\/\\\/forcesavenir.com\\\/en\\\/fa-collegial-recipients\\\/#primaryimage\",\"url\":\"https:\\\/\\\/editionsmr-dev.com\\\/wp-content\\\/uploads\\\/2024\\\/03\\\/programme_collegial_img.webp\",\"contentUrl\":\"https:\\\/\\\/editionsmr-dev.com\\\/wp-content\\\/uploads\\\/2024\\\/03\\\/programme_collegial_img.webp\"},{\"@type\":\"BreadcrumbList\",\"@id\":\"https:\\\/\\\/forcesavenir.com\\\/en\\\/fa-collegial-recipients\\\/#breadcrumb\",\"itemListElement\":[{\"@type\":\"ListItem\",\"position\":1,\"name\":\"Accueil\",\"item\":\"https:\\\/\\\/forcesavenir.com\\\/en\\\/\"},{\"@type\":\"ListItem\",\"position\":2,\"name\":\"FA Collegial recipients\"}]},{\"@type\":\"WebSite\",\"@id\":\"https:\\\/\\\/forcesavenir.com\\\/en\\\/#website\",\"url\":\"https:\\\/\\\/forcesavenir.com\\\/en\\\/\",\"name\":\"Forces AVENIR\",\"description\":\"\",\"publisher\":{\"@id\":\"https:\\\/\\\/forcesavenir.com\\\/en\\\/#organization\"},\"potentialAction\":[{\"@type\":\"SearchAction\",\"target\":{\"@type\":\"EntryPoint\",\"urlTemplate\":\"https:\\\/\\\/forcesavenir.com\\\/en\\\/?s={search_term_string}\"},\"query-input\":{\"@type\":\"PropertyValueSpecification\",\"valueRequired\":true,\"valueName\":\"search_term_string\"}}],\"inLanguage\":\"en-US\"},{\"@type\":\"Organization\",\"@id\":\"https:\\\/\\\/forcesavenir.com\\\/en\\\/#organization\",\"name\":\"Forces AVENIR\",\"url\":\"https:\\\/\\\/forcesavenir.com\\\/en\\\/\",\"logo\":{\"@type\":\"ImageObject\",\"inLanguage\":\"en-US\",\"@id\":\"https:\\\/\\\/forcesavenir.com\\\/en\\\/#\\\/schema\\\/logo\\\/image\\\/\",\"url\":\"https:\\\/\\\/forcesavenir.com\\\/wp-content\\\/uploads\\\/2024\\\/03\\\/Logo_FA_500px.webp\",\"contentUrl\":\"https:\\\/\\\/forcesavenir.com\\\/wp-content\\\/uploads\\\/2024\\\/03\\\/Logo_FA_500px.webp\",\"width\":500,\"height\":223,\"caption\":\"Forces AVENIR\"},\"image\":{\"@id\":\"https:\\\/\\\/forcesavenir.com\\\/en\\\/#\\\/schema\\\/logo\\\/image\\\/\"},\"sameAs\":[\"https:\\\/\\\/www.facebook.com\\\/ForcesAVENIR\\\/\",\"https:\\\/\\\/x.com\\\/forcesavenir\",\"https:\\\/\\\/www.instagram.com\\\/forcesavenir\\\/\",\"https:\\\/\\\/www.youtube.com\\\/user\\\/ForcesAvenir\"]}]}<\/script>\n<!-- \/ Yoast SEO plugin. -->","yoast_head_json":{"title":"FA Collegial recipients - Forces AVENIR","robots":{"index":"index","follow":"follow","max-snippet":"max-snippet:-1","max-image-preview":"max-image-preview:large","max-video-preview":"max-video-preview:-1"},"canonical":"https:\/\/forcesavenir.com\/en\/fa-collegial-recipients\/","og_locale":"en_US","og_type":"article","og_title":"FA Collegial recipients - Forces AVENIR","og_description":"FA recipientsat college Search for a College recipient Par ann\u00e9e20112012201320142015201620172018201920202021202220232024 Par cat\u00e9gorieAVENIR Arts, lettres et cultureAVENIR \u00c9conomie sociale, entrepreneuriat et affairesAVENIR Entraide, paix et justiceAVENIR EnvironnementAVENIR Personnalit\u00e9 engag\u00e9eAVENIR Personnalit\u00e9 pers\u00e9v\u00e9ranteAVENIR Personnel engag\u00e9AVENIR Sant\u00e9 et saines habitudes de vieAVENIR Sciences et technologiesAVENIR Soci\u00e9t\u00e9, communications et \u00e9ducation Par \u00e9tablissementC\u00e9gep Andr\u00e9-LaurendeauC\u00e9gep Beauce-AppalachesC\u00e9gep Champlain St. LawrenceC\u00e9gep de ChicoutimiC\u00e9gep de&hellip;","og_url":"https:\/\/forcesavenir.com\/en\/fa-collegial-recipients\/","og_site_name":"Forces AVENIR","article_publisher":"https:\/\/www.facebook.com\/ForcesAVENIR\/","article_modified_time":"2024-05-01T14:54:56+00:00","og_image":[{"url":"https:\/\/editionsmr-dev.com\/wp-content\/uploads\/2024\/03\/programme_collegial_img.webp","type":"","width":"","height":""}],"twitter_card":"summary_large_image","twitter_site":"@forcesavenir","twitter_misc":{"Est. reading time":"1 minute"},"schema":{"@context":"https:\/\/schema.org","@graph":[{"@type":"WebPage","@id":"https:\/\/forcesavenir.com\/en\/fa-collegial-recipients\/","url":"https:\/\/forcesavenir.com\/en\/fa-collegial-recipients\/","name":"FA Collegial recipients - Forces AVENIR","isPartOf":{"@id":"https:\/\/forcesavenir.com\/en\/#website"},"primaryImageOfPage":{"@id":"https:\/\/forcesavenir.com\/en\/fa-collegial-recipients\/#primaryimage"},"image":{"@id":"https:\/\/forcesavenir.com\/en\/fa-collegial-recipients\/#primaryimage"},"thumbnailUrl":"https:\/\/editionsmr-dev.com\/wp-content\/uploads\/2024\/03\/programme_collegial_img.webp","datePublished":"2024-03-29T03:05:59+00:00","dateModified":"2024-05-01T14:54:56+00:00","breadcrumb":{"@id":"https:\/\/forcesavenir.com\/en\/fa-collegial-recipients\/#breadcrumb"},"inLanguage":"en-US","potentialAction":[{"@type":"ReadAction","target":["https:\/\/forcesavenir.com\/en\/fa-collegial-recipients\/"]}]},{"@type":"ImageObject","inLanguage":"en-US","@id":"https:\/\/forcesavenir.com\/en\/fa-collegial-recipients\/#primaryimage","url":"https:\/\/editionsmr-dev.com\/wp-content\/uploads\/2024\/03\/programme_collegial_img.webp","contentUrl":"https:\/\/editionsmr-dev.com\/wp-content\/uploads\/2024\/03\/programme_collegial_img.webp"},{"@type":"BreadcrumbList","@id":"https:\/\/forcesavenir.com\/en\/fa-collegial-recipients\/#breadcrumb","itemListElement":[{"@type":"ListItem","position":1,"name":"Accueil","item":"https:\/\/forcesavenir.com\/en\/"},{"@type":"ListItem","position":2,"name":"FA Collegial recipients"}]},{"@type":"WebSite","@id":"https:\/\/forcesavenir.com\/en\/#website","url":"https:\/\/forcesavenir.com\/en\/","name":"Forces AVENIR","description":"","publisher":{"@id":"https:\/\/forcesavenir.com\/en\/#organization"},"potentialAction":[{"@type":"SearchAction","target":{"@type":"EntryPoint","urlTemplate":"https:\/\/forcesavenir.com\/en\/?s={search_term_string}"},"query-input":{"@type":"PropertyValueSpecification","valueRequired":true,"valueName":"search_term_string"}}],"inLanguage":"en-US"},{"@type":"Organization","@id":"https:\/\/forcesavenir.com\/en\/#organization","name":"Forces AVENIR","url":"https:\/\/forcesavenir.com\/en\/","logo":{"@type":"ImageObject","inLanguage":"en-US","@id":"https:\/\/forcesavenir.com\/en\/#\/schema\/logo\/image\/","url":"https:\/\/forcesavenir.com\/wp-content\/uploads\/2024\/03\/Logo_FA_500px.webp","contentUrl":"https:\/\/forcesavenir.com\/wp-content\/uploads\/2024\/03\/Logo_FA_500px.webp","width":500,"height":223,"caption":"Forces AVENIR"},"image":{"@id":"https:\/\/forcesavenir.com\/en\/#\/schema\/logo\/image\/"},"sameAs":["https:\/\/www.facebook.com\/ForcesAVENIR\/","https:\/\/x.com\/forcesavenir","https:\/\/www.instagram.com\/forcesavenir\/","https:\/\/www.youtube.com\/user\/ForcesAvenir"]}]}},"_links":{"self":[{"href":"https:\/\/forcesavenir.com\/en\/wp-json\/wp\/v2\/pages\/1994","targetHints":{"allow":["GET"]}}],"collection":[{"href":"https:\/\/forcesavenir.com\/en\/wp-json\/wp\/v2\/pages"}],"about":[{"href":"https:\/\/forcesavenir.com\/en\/wp-json\/wp\/v2\/types\/page"}],"author":[{"embeddable":true,"href":"https:\/\/forcesavenir.com\/en\/wp-json\/wp\/v2\/users\/1"}],"replies":[{"embeddable":true,"href":"https:\/\/forcesavenir.com\/en\/wp-json\/wp\/v2\/comments?post=1994"}],"version-history":[{"count":0,"href":"https:\/\/forcesavenir.com\/en\/wp-json\/wp\/v2\/pages\/1994\/revisions"}],"wp:attachment":[{"href":"https:\/\/forcesavenir.com\/en\/wp-json\/wp\/v2\/media?parent=1994"}],"curies":[{"name":"wp","href":"https:\/\/api.w.org\/{rel}","templated":true}]}}