{"id":1984,"date":"2024-03-29T11:51:55","date_gmt":"2024-03-29T15:51:55","guid":{"rendered":"https:\/\/editionsmr-dev.com\/alumni\/alumni-fa-university\/"},"modified":"2024-05-01T11:07:24","modified_gmt":"2024-05-01T15:07:24","slug":"alumni-fa-university","status":"publish","type":"page","link":"https:\/\/forcesavenir.com\/en\/alumni\/alumni-fa-university\/","title":{"rendered":"Alumni FA University"},"content":{"rendered":"\t\t<div data-elementor-type=\"wp-page\" data-elementor-id=\"1984\" class=\"elementor elementor-1984\" data-elementor-post-type=\"page\">\n\t\t\t\t<div class=\"elementor-element elementor-element-63fa3ff e-flex e-con-boxed e-con e-parent\" data-id=\"63fa3ff\" data-element_type=\"container\" data-e-type=\"container\">\n\t\t\t\t\t<div class=\"e-con-inner\">\n\t\t<div class=\"elementor-element elementor-element-1d65c613 e-con-full e-flex e-con e-child\" data-id=\"1d65c613\" data-element_type=\"container\" data-e-type=\"container\">\n\t\t\t\t<div class=\"elementor-element elementor-element-1cfe0333 elementor-widget elementor-widget-image\" data-id=\"1cfe0333\" data-element_type=\"widget\" data-e-type=\"widget\" data-widget_type=\"image.default\">\n\t\t\t\t<div class=\"elementor-widget-container\">\n\t\t\t\t\t\t\t\t\t\t\t\t\t\t\t<img loading=\"lazy\" decoding=\"async\" width=\"261\" height=\"260\" src=\"https:\/\/forcesavenir.com\/wp-content\/uploads\/2024\/03\/programme_universitaire_img.webp\" class=\"attachment-full size-full wp-image-1614\" alt=\"\" srcset=\"https:\/\/forcesavenir.com\/wp-content\/uploads\/2024\/03\/programme_universitaire_img.webp 261w, https:\/\/forcesavenir.com\/wp-content\/uploads\/2024\/03\/programme_universitaire_img-150x150.webp 150w\" sizes=\"auto, (max-width: 261px) 100vw, 261px\" \/>\t\t\t\t\t\t\t\t\t\t\t\t\t\t\t<\/div>\n\t\t\t\t<\/div>\n\t\t\t\t<\/div>\n\t\t<div class=\"elementor-element elementor-element-47f5de0e e-con-full e-flex e-con e-child\" data-id=\"47f5de0e\" data-element_type=\"container\" data-e-type=\"container\">\n\t\t\t\t<div class=\"elementor-element elementor-element-65074910 elementor-widget elementor-widget-heading\" data-id=\"65074910\" data-element_type=\"widget\" data-e-type=\"widget\" data-widget_type=\"heading.default\">\n\t\t\t\t<div class=\"elementor-widget-container\">\n\t\t\t\t\t<h2 class=\"elementor-heading-title elementor-size-default\">FA Alumni<br>university<\/h2>\t\t\t\t<\/div>\n\t\t\t\t<\/div>\n\t\t\t\t<\/div>\n\t\t\t\t\t<\/div>\n\t\t\t\t<\/div>\n\t\t<div class=\"elementor-element elementor-element-b0e7c3f e-con-full e-flex e-con e-parent\" data-id=\"b0e7c3f\" data-element_type=\"container\" data-e-type=\"container\" data-settings=\"{&quot;background_background&quot;:&quot;classic&quot;}\">\n\t\t<div class=\"elementor-element elementor-element-38e28d7 e-con-full e-flex e-con e-child\" data-id=\"38e28d7\" data-element_type=\"container\" data-e-type=\"container\">\n\t\t<div class=\"elementor-element elementor-element-15ab25b e-con-full the7-e-sticky-row-yes e-flex e-con e-child\" data-id=\"15ab25b\" data-element_type=\"container\" data-e-type=\"container\" data-settings=\"{&quot;the7_sticky_row&quot;:&quot;yes&quot;,&quot;the7_sticky_row_devices&quot;:[&quot;desktop&quot;],&quot;the7_sticky_row_offset&quot;:100,&quot;background_background&quot;:&quot;classic&quot;}\">\n\t\t\t\t<div class=\"elementor-element elementor-element-d40d0b9 elementor-widget elementor-widget-heading\" data-id=\"d40d0b9\" data-element_type=\"widget\" data-e-type=\"widget\" data-widget_type=\"heading.default\">\n\t\t\t\t<div class=\"elementor-widget-container\">\n\t\t\t\t\t<h2 class=\"elementor-heading-title elementor-size-default\">Search for a university recipient <\/h2>\t\t\t\t<\/div>\n\t\t\t\t<\/div>\n\t\t\t\t<div class=\"elementor-element elementor-element-5209e22 the7-search-form-icon-position-inside elementor-widget elementor-widget-the7-search-form-widget\" data-id=\"5209e22\" data-element_type=\"widget\" data-e-type=\"widget\" data-widget_type=\"the7-search-form-widget.default\">\n\t\t\t\t<div class=\"elementor-widget-container\">\n\t\t\t\t\t\t\t<form class=\"the7-search-form\" role=\"search\" action=\"https:\/\/forcesavenir.com\/en\/\" method=\"get\">\n\t\t\t<div class=\"the7-search-input__container\">\n\t\t\t\t<input placeholder=\"Keyword search\" class=\"the7-search-form__input\" type=\"search\" name=\"s\" title=\"Search\" value=\"\">\n\n\t\t\t\t\t\t\t\t<input type=\"hidden\" name=\"post_type\" value=\"recipiendaire_uni\">\n\t\t\t\t\t\t\t\t\t\t\t\t\t<button class=\"the7-clear-search\" type=\"reset\" title=\"Search\" aria-label=\"Clear\">\n\n\t\t\t\t\t\t\t<svg aria-hidden=\"true\" class=\"e-font-icon-svg e-fas-times\" viewBox=\"0 0 352 512\" xmlns=\"http:\/\/www.w3.org\/2000\/svg\"><path d=\"M242.72 256l100.07-100.07c12.28-12.28 12.28-32.19 0-44.48l-22.24-22.24c-12.28-12.28-32.19-12.28-44.48 0L176 189.28 75.93 89.21c-12.28-12.28-32.19-12.28-44.48 0L9.21 111.45c-12.28 12.28-12.28 32.19 0 44.48L109.28 256 9.21 356.07c-12.28 12.28-12.28 32.19 0 44.48l22.24 22.24c12.28 12.28 32.2 12.28 44.48 0L176 322.72l100.07 100.07c12.28 12.28 32.2 12.28 44.48 0l22.24-22.24c12.28-12.28 12.28-32.19 0-44.48L242.72 256z\"><\/path><\/svg>\t\t\t\t\t\t\t<span class=\"elementor-screen-only\">Clear<\/span>\n\n\t\t\t\t\t<\/button>\n\t\t\t\t\t\t\t<\/div>\n\t\t\t\t\t\t\t\t\t<button class=\"the7-search-form__submit\" type=\"submit\" title=\"Search\" aria-label=\"Search\">\n\n\t\t\t\t\t\t\t<svg aria-hidden=\"true\" class=\"e-font-icon-svg e-fas-search\" viewBox=\"0 0 512 512\" xmlns=\"http:\/\/www.w3.org\/2000\/svg\"><path d=\"M505 442.7L405.3 343c-4.5-4.5-10.6-7-17-7H372c27.6-35.3 44-79.7 44-128C416 93.1 322.9 0 208 0S0 93.1 0 208s93.1 208 208 208c48.3 0 92.7-16.4 128-44v16.3c0 6.4 2.5 12.5 7 17l99.7 99.7c9.4 9.4 24.6 9.4 33.9 0l28.3-28.3c9.4-9.4 9.4-24.6.1-34zM208 336c-70.7 0-128-57.2-128-128 0-70.7 57.2-128 128-128 70.7 0 128 57.2 128 128 0 70.7-57.2 128-128 128z\"><\/path><\/svg>\t\t\t\t\t\t\t<span class=\"elementor-screen-only\">Search<\/span>\n\n\t\t\t\t\t<\/button>\n\t\t\t\t\n\t\t<\/form>\n\t\t\t\t\t\t<\/div>\n\t\t\t\t<\/div>\n\t\t\t\t<\/div>\n\t\t\t\t<\/div>\n\t\t<div class=\"elementor-element elementor-element-3a59576 e-con-full e-flex e-con e-child\" data-id=\"3a59576\" data-element_type=\"container\" data-e-type=\"container\">\n\t\t\t\t<\/div>\n\t\t\t\t<\/div>\n\t\t\t\t<\/div>\n\t\t","protected":false},"excerpt":{"rendered":"<p>FA Alumniuniversity Search for a university recipient By year199920002001200220032004200520062007200820092010201120122013201420152016201720182019202020212022202320242025 By categoryAVENIR Arts, lettres et cultureAVENIR \u00c9conomie sociale, entrepreneuriat et affairesAVENIR Entraide, paix et justiceAVENIR EnvironnementAVENIR Personnalit\u00e9 engag\u00e9e 1er cycleAVENIR Personnalit\u00e9 engag\u00e9e 2e et 3e cyclesAVENIR Personnalit\u00e9 pers\u00e9v\u00e9ranteAVENIR Personnel engag\u00e9AVENIR Sant\u00e9 et saines habitudes de vieAVENIR Sciences et technologieAVENIR Soci\u00e9t\u00e9, communications et \u00e9ducation By University\u00c9cole de&hellip;<\/p>\n","protected":false},"author":1,"featured_media":0,"parent":1977,"menu_order":0,"comment_status":"closed","ping_status":"closed","template":"elementor_header_footer","meta":{"_acf_changed":false,"footnotes":""},"class_list":["post-1984","page","type-page","status-publish","hentry"],"acf":[],"yoast_head":"<!-- This site is optimized with the Yoast SEO plugin v27.5 - https:\/\/yoast.com\/product\/yoast-seo-wordpress\/ -->\n<title>Alumni FA University - Forces AVENIR<\/title>\n<meta name=\"robots\" content=\"index, follow, max-snippet:-1, max-image-preview:large, max-video-preview:-1\" \/>\n<link rel=\"canonical\" href=\"https:\/\/forcesavenir.com\/en\/alumni\/alumni-fa-university\/\" \/>\n<meta property=\"og:locale\" content=\"en_US\" \/>\n<meta property=\"og:type\" content=\"article\" \/>\n<meta property=\"og:title\" content=\"Alumni FA University - Forces AVENIR\" \/>\n<meta property=\"og:description\" content=\"FA Alumniuniversity Search for a university recipient By year199920002001200220032004200520062007200820092010201120122013201420152016201720182019202020212022202320242025 By categoryAVENIR Arts, lettres et cultureAVENIR \u00c9conomie sociale, entrepreneuriat et affairesAVENIR Entraide, paix et justiceAVENIR EnvironnementAVENIR Personnalit\u00e9 engag\u00e9e 1er cycleAVENIR Personnalit\u00e9 engag\u00e9e 2e et 3e cyclesAVENIR Personnalit\u00e9 pers\u00e9v\u00e9ranteAVENIR Personnel engag\u00e9AVENIR Sant\u00e9 et saines habitudes de vieAVENIR Sciences et technologieAVENIR Soci\u00e9t\u00e9, communications et \u00e9ducation By University\u00c9cole de&hellip;\" \/>\n<meta property=\"og:url\" content=\"https:\/\/forcesavenir.com\/en\/alumni\/alumni-fa-university\/\" \/>\n<meta property=\"og:site_name\" content=\"Forces AVENIR\" \/>\n<meta property=\"article:publisher\" content=\"https:\/\/www.facebook.com\/ForcesAVENIR\/\" \/>\n<meta property=\"article:modified_time\" content=\"2024-05-01T15:07:24+00:00\" \/>\n<meta property=\"og:image\" content=\"https:\/\/editionsmr-dev.com\/wp-content\/uploads\/2024\/03\/programme_universitaire_img.webp\" \/>\n<meta name=\"twitter:card\" content=\"summary_large_image\" \/>\n<meta name=\"twitter:site\" content=\"@forcesavenir\" \/>\n<meta name=\"twitter:label1\" content=\"Est. reading time\" \/>\n\t<meta name=\"twitter:data1\" content=\"3 minutes\" \/>\n<script type=\"application\/ld+json\" class=\"yoast-schema-graph\">{\"@context\":\"https:\\\/\\\/schema.org\",\"@graph\":[{\"@type\":\"WebPage\",\"@id\":\"https:\\\/\\\/forcesavenir.com\\\/en\\\/alumni\\\/alumni-fa-university\\\/\",\"url\":\"https:\\\/\\\/forcesavenir.com\\\/en\\\/alumni\\\/alumni-fa-university\\\/\",\"name\":\"Alumni FA University - Forces AVENIR\",\"isPartOf\":{\"@id\":\"https:\\\/\\\/forcesavenir.com\\\/en\\\/#website\"},\"primaryImageOfPage\":{\"@id\":\"https:\\\/\\\/forcesavenir.com\\\/en\\\/alumni\\\/alumni-fa-university\\\/#primaryimage\"},\"image\":{\"@id\":\"https:\\\/\\\/forcesavenir.com\\\/en\\\/alumni\\\/alumni-fa-university\\\/#primaryimage\"},\"thumbnailUrl\":\"https:\\\/\\\/editionsmr-dev.com\\\/wp-content\\\/uploads\\\/2024\\\/03\\\/programme_universitaire_img.webp\",\"datePublished\":\"2024-03-29T15:51:55+00:00\",\"dateModified\":\"2024-05-01T15:07:24+00:00\",\"breadcrumb\":{\"@id\":\"https:\\\/\\\/forcesavenir.com\\\/en\\\/alumni\\\/alumni-fa-university\\\/#breadcrumb\"},\"inLanguage\":\"en-US\",\"potentialAction\":[{\"@type\":\"ReadAction\",\"target\":[\"https:\\\/\\\/forcesavenir.com\\\/en\\\/alumni\\\/alumni-fa-university\\\/\"]}]},{\"@type\":\"ImageObject\",\"inLanguage\":\"en-US\",\"@id\":\"https:\\\/\\\/forcesavenir.com\\\/en\\\/alumni\\\/alumni-fa-university\\\/#primaryimage\",\"url\":\"https:\\\/\\\/editionsmr-dev.com\\\/wp-content\\\/uploads\\\/2024\\\/03\\\/programme_universitaire_img.webp\",\"contentUrl\":\"https:\\\/\\\/editionsmr-dev.com\\\/wp-content\\\/uploads\\\/2024\\\/03\\\/programme_universitaire_img.webp\"},{\"@type\":\"BreadcrumbList\",\"@id\":\"https:\\\/\\\/forcesavenir.com\\\/en\\\/alumni\\\/alumni-fa-university\\\/#breadcrumb\",\"itemListElement\":[{\"@type\":\"ListItem\",\"position\":1,\"name\":\"Accueil\",\"item\":\"https:\\\/\\\/forcesavenir.com\\\/en\\\/\"},{\"@type\":\"ListItem\",\"position\":2,\"name\":\"Alumni\",\"item\":\"https:\\\/\\\/forcesavenir.com\\\/en\\\/alumni\\\/\"},{\"@type\":\"ListItem\",\"position\":3,\"name\":\"Alumni FA University\"}]},{\"@type\":\"WebSite\",\"@id\":\"https:\\\/\\\/forcesavenir.com\\\/en\\\/#website\",\"url\":\"https:\\\/\\\/forcesavenir.com\\\/en\\\/\",\"name\":\"Forces AVENIR\",\"description\":\"\",\"publisher\":{\"@id\":\"https:\\\/\\\/forcesavenir.com\\\/en\\\/#organization\"},\"potentialAction\":[{\"@type\":\"SearchAction\",\"target\":{\"@type\":\"EntryPoint\",\"urlTemplate\":\"https:\\\/\\\/forcesavenir.com\\\/en\\\/?s={search_term_string}\"},\"query-input\":{\"@type\":\"PropertyValueSpecification\",\"valueRequired\":true,\"valueName\":\"search_term_string\"}}],\"inLanguage\":\"en-US\"},{\"@type\":\"Organization\",\"@id\":\"https:\\\/\\\/forcesavenir.com\\\/en\\\/#organization\",\"name\":\"Forces AVENIR\",\"url\":\"https:\\\/\\\/forcesavenir.com\\\/en\\\/\",\"logo\":{\"@type\":\"ImageObject\",\"inLanguage\":\"en-US\",\"@id\":\"https:\\\/\\\/forcesavenir.com\\\/en\\\/#\\\/schema\\\/logo\\\/image\\\/\",\"url\":\"https:\\\/\\\/forcesavenir.com\\\/wp-content\\\/uploads\\\/2024\\\/03\\\/Logo_FA_500px.webp\",\"contentUrl\":\"https:\\\/\\\/forcesavenir.com\\\/wp-content\\\/uploads\\\/2024\\\/03\\\/Logo_FA_500px.webp\",\"width\":500,\"height\":223,\"caption\":\"Forces AVENIR\"},\"image\":{\"@id\":\"https:\\\/\\\/forcesavenir.com\\\/en\\\/#\\\/schema\\\/logo\\\/image\\\/\"},\"sameAs\":[\"https:\\\/\\\/www.facebook.com\\\/ForcesAVENIR\\\/\",\"https:\\\/\\\/x.com\\\/forcesavenir\",\"https:\\\/\\\/www.instagram.com\\\/forcesavenir\\\/\",\"https:\\\/\\\/www.youtube.com\\\/user\\\/ForcesAvenir\"]}]}<\/script>\n<!-- \/ Yoast SEO plugin. -->","yoast_head_json":{"title":"Alumni FA University - Forces AVENIR","robots":{"index":"index","follow":"follow","max-snippet":"max-snippet:-1","max-image-preview":"max-image-preview:large","max-video-preview":"max-video-preview:-1"},"canonical":"https:\/\/forcesavenir.com\/en\/alumni\/alumni-fa-university\/","og_locale":"en_US","og_type":"article","og_title":"Alumni FA University - Forces AVENIR","og_description":"FA Alumniuniversity Search for a university recipient By year199920002001200220032004200520062007200820092010201120122013201420152016201720182019202020212022202320242025 By categoryAVENIR Arts, lettres et cultureAVENIR \u00c9conomie sociale, entrepreneuriat et affairesAVENIR Entraide, paix et justiceAVENIR EnvironnementAVENIR Personnalit\u00e9 engag\u00e9e 1er cycleAVENIR Personnalit\u00e9 engag\u00e9e 2e et 3e cyclesAVENIR Personnalit\u00e9 pers\u00e9v\u00e9ranteAVENIR Personnel engag\u00e9AVENIR Sant\u00e9 et saines habitudes de vieAVENIR Sciences et technologieAVENIR Soci\u00e9t\u00e9, communications et \u00e9ducation By University\u00c9cole de&hellip;","og_url":"https:\/\/forcesavenir.com\/en\/alumni\/alumni-fa-university\/","og_site_name":"Forces AVENIR","article_publisher":"https:\/\/www.facebook.com\/ForcesAVENIR\/","article_modified_time":"2024-05-01T15:07:24+00:00","og_image":[{"url":"https:\/\/editionsmr-dev.com\/wp-content\/uploads\/2024\/03\/programme_universitaire_img.webp","type":"","width":"","height":""}],"twitter_card":"summary_large_image","twitter_site":"@forcesavenir","twitter_misc":{"Est. reading time":"3 minutes"},"schema":{"@context":"https:\/\/schema.org","@graph":[{"@type":"WebPage","@id":"https:\/\/forcesavenir.com\/en\/alumni\/alumni-fa-university\/","url":"https:\/\/forcesavenir.com\/en\/alumni\/alumni-fa-university\/","name":"Alumni FA University - Forces AVENIR","isPartOf":{"@id":"https:\/\/forcesavenir.com\/en\/#website"},"primaryImageOfPage":{"@id":"https:\/\/forcesavenir.com\/en\/alumni\/alumni-fa-university\/#primaryimage"},"image":{"@id":"https:\/\/forcesavenir.com\/en\/alumni\/alumni-fa-university\/#primaryimage"},"thumbnailUrl":"https:\/\/editionsmr-dev.com\/wp-content\/uploads\/2024\/03\/programme_universitaire_img.webp","datePublished":"2024-03-29T15:51:55+00:00","dateModified":"2024-05-01T15:07:24+00:00","breadcrumb":{"@id":"https:\/\/forcesavenir.com\/en\/alumni\/alumni-fa-university\/#breadcrumb"},"inLanguage":"en-US","potentialAction":[{"@type":"ReadAction","target":["https:\/\/forcesavenir.com\/en\/alumni\/alumni-fa-university\/"]}]},{"@type":"ImageObject","inLanguage":"en-US","@id":"https:\/\/forcesavenir.com\/en\/alumni\/alumni-fa-university\/#primaryimage","url":"https:\/\/editionsmr-dev.com\/wp-content\/uploads\/2024\/03\/programme_universitaire_img.webp","contentUrl":"https:\/\/editionsmr-dev.com\/wp-content\/uploads\/2024\/03\/programme_universitaire_img.webp"},{"@type":"BreadcrumbList","@id":"https:\/\/forcesavenir.com\/en\/alumni\/alumni-fa-university\/#breadcrumb","itemListElement":[{"@type":"ListItem","position":1,"name":"Accueil","item":"https:\/\/forcesavenir.com\/en\/"},{"@type":"ListItem","position":2,"name":"Alumni","item":"https:\/\/forcesavenir.com\/en\/alumni\/"},{"@type":"ListItem","position":3,"name":"Alumni FA University"}]},{"@type":"WebSite","@id":"https:\/\/forcesavenir.com\/en\/#website","url":"https:\/\/forcesavenir.com\/en\/","name":"Forces AVENIR","description":"","publisher":{"@id":"https:\/\/forcesavenir.com\/en\/#organization"},"potentialAction":[{"@type":"SearchAction","target":{"@type":"EntryPoint","urlTemplate":"https:\/\/forcesavenir.com\/en\/?s={search_term_string}"},"query-input":{"@type":"PropertyValueSpecification","valueRequired":true,"valueName":"search_term_string"}}],"inLanguage":"en-US"},{"@type":"Organization","@id":"https:\/\/forcesavenir.com\/en\/#organization","name":"Forces AVENIR","url":"https:\/\/forcesavenir.com\/en\/","logo":{"@type":"ImageObject","inLanguage":"en-US","@id":"https:\/\/forcesavenir.com\/en\/#\/schema\/logo\/image\/","url":"https:\/\/forcesavenir.com\/wp-content\/uploads\/2024\/03\/Logo_FA_500px.webp","contentUrl":"https:\/\/forcesavenir.com\/wp-content\/uploads\/2024\/03\/Logo_FA_500px.webp","width":500,"height":223,"caption":"Forces AVENIR"},"image":{"@id":"https:\/\/forcesavenir.com\/en\/#\/schema\/logo\/image\/"},"sameAs":["https:\/\/www.facebook.com\/ForcesAVENIR\/","https:\/\/x.com\/forcesavenir","https:\/\/www.instagram.com\/forcesavenir\/","https:\/\/www.youtube.com\/user\/ForcesAvenir"]}]}},"_links":{"self":[{"href":"https:\/\/forcesavenir.com\/en\/wp-json\/wp\/v2\/pages\/1984","targetHints":{"allow":["GET"]}}],"collection":[{"href":"https:\/\/forcesavenir.com\/en\/wp-json\/wp\/v2\/pages"}],"about":[{"href":"https:\/\/forcesavenir.com\/en\/wp-json\/wp\/v2\/types\/page"}],"author":[{"embeddable":true,"href":"https:\/\/forcesavenir.com\/en\/wp-json\/wp\/v2\/users\/1"}],"replies":[{"embeddable":true,"href":"https:\/\/forcesavenir.com\/en\/wp-json\/wp\/v2\/comments?post=1984"}],"version-history":[{"count":0,"href":"https:\/\/forcesavenir.com\/en\/wp-json\/wp\/v2\/pages\/1984\/revisions"}],"up":[{"embeddable":true,"href":"https:\/\/forcesavenir.com\/en\/wp-json\/wp\/v2\/pages\/1977"}],"wp:attachment":[{"href":"https:\/\/forcesavenir.com\/en\/wp-json\/wp\/v2\/media?parent=1984"}],"curies":[{"name":"wp","href":"https:\/\/api.w.org\/{rel}","templated":true}]}}