{"id":1664,"date":"2024-03-29T11:52:23","date_gmt":"2024-03-29T15:52:23","guid":{"rendered":"https:\/\/editionsmr-dev.com\/?page_id=1664"},"modified":"2024-05-01T10:52:03","modified_gmt":"2024-05-01T14:52:03","slug":"high-school-fa-recipients-2","status":"publish","type":"page","link":"https:\/\/forcesavenir.com\/en\/alumni\/high-school-fa-recipients-2\/","title":{"rendered":"High School FA Alumni"},"content":{"rendered":"\t\t<div data-elementor-type=\"wp-page\" data-elementor-id=\"1664\" class=\"elementor elementor-1664 elementor-1663\" data-elementor-post-type=\"page\">\n\t\t\t\t<div class=\"elementor-element elementor-element-728fdb8 e-flex e-con-boxed e-con e-parent\" data-id=\"728fdb8\" data-element_type=\"container\" data-e-type=\"container\">\n\t\t\t\t\t<div class=\"e-con-inner\">\n\t\t<div class=\"elementor-element elementor-element-c9ca6e0 e-con-full e-flex e-con e-child\" data-id=\"c9ca6e0\" data-element_type=\"container\" data-e-type=\"container\">\n\t\t\t\t<div class=\"elementor-element elementor-element-d0ee5cf elementor-widget elementor-widget-image\" data-id=\"d0ee5cf\" data-element_type=\"widget\" data-e-type=\"widget\" data-widget_type=\"image.default\">\n\t\t\t\t<div class=\"elementor-widget-container\">\n\t\t\t\t\t\t\t\t\t\t\t\t\t\t\t<img loading=\"lazy\" decoding=\"async\" width=\"252\" height=\"258\" src=\"https:\/\/forcesavenir.com\/wp-content\/uploads\/2024\/03\/programme_secondaire_img.webp\" class=\"attachment-full size-full wp-image-1612\" alt=\"\" \/>\t\t\t\t\t\t\t\t\t\t\t\t\t\t\t<\/div>\n\t\t\t\t<\/div>\n\t\t\t\t<\/div>\n\t\t<div class=\"elementor-element elementor-element-ec05d0a e-con-full e-flex e-con e-child\" data-id=\"ec05d0a\" data-element_type=\"container\" data-e-type=\"container\">\n\t\t\t\t<div class=\"elementor-element elementor-element-3c73918 elementor-widget elementor-widget-heading\" data-id=\"3c73918\" data-element_type=\"widget\" data-e-type=\"widget\" data-widget_type=\"heading.default\">\n\t\t\t\t<div class=\"elementor-widget-container\">\n\t\t\t\t\t<h2 class=\"elementor-heading-title elementor-size-default\">FA Alumni<br> at High School<\/h2>\t\t\t\t<\/div>\n\t\t\t\t<\/div>\n\t\t\t\t<\/div>\n\t\t\t\t\t<\/div>\n\t\t\t\t<\/div>\n\t\t<div class=\"elementor-element elementor-element-b0e7c3f e-con-full e-flex e-con e-parent\" data-id=\"b0e7c3f\" data-element_type=\"container\" data-e-type=\"container\" data-settings=\"{&quot;background_background&quot;:&quot;classic&quot;}\">\n\t\t<div class=\"elementor-element elementor-element-38e28d7 e-con-full e-flex e-con e-child\" data-id=\"38e28d7\" data-element_type=\"container\" data-e-type=\"container\">\n\t\t<div class=\"elementor-element elementor-element-15ab25b e-con-full the7-e-sticky-row-yes e-flex e-con e-child\" data-id=\"15ab25b\" data-element_type=\"container\" data-e-type=\"container\" data-settings=\"{&quot;the7_sticky_row&quot;:&quot;yes&quot;,&quot;the7_sticky_row_devices&quot;:[&quot;desktop&quot;],&quot;the7_sticky_row_offset&quot;:100,&quot;background_background&quot;:&quot;classic&quot;}\">\n\t\t\t\t<div class=\"elementor-element elementor-element-d40d0b9 elementor-widget elementor-widget-heading\" data-id=\"d40d0b9\" data-element_type=\"widget\" data-e-type=\"widget\" data-widget_type=\"heading.default\">\n\t\t\t\t<div class=\"elementor-widget-container\">\n\t\t\t\t\t<h2 class=\"elementor-heading-title elementor-size-default\">Search for a high school recipient<\/h2>\t\t\t\t<\/div>\n\t\t\t\t<\/div>\n\t\t\t\t<\/div>\n\t\t\t\t<\/div>\n\t\t<div class=\"elementor-element elementor-element-3a59576 e-con-full e-flex e-con e-child\" data-id=\"3a59576\" data-element_type=\"container\" data-e-type=\"container\">\n\t\t\t\t<\/div>\n\t\t\t\t<\/div>\n\t\t\t\t<\/div>\n\t\t","protected":false},"excerpt":{"rendered":"<p>FA Alumni at High School Search for a high school recipient Par ann\u00e9e20172018 Par cat\u00e9gorieAVENIR personnalit\u00e9 engag\u00e9AVENIR personnalit\u00e9 pers\u00e9v\u00e9ranteAVENIR personnel engag\u00e9AVENIR projet engag\u00e9 Par p\u00f4leP\u00f4le Montr\u00e9al, Laurentides, Lanaudi\u00e8re, Laval et Mont\u00e9r\u00e9gieP\u00f4le Outaouais et Abitibi-T\u00e9miscamingueP\u00f4le Qu\u00e9bec, Chaudi\u00e8re-Appalaches, Bas-Saint-Laurent et Gasp\u00e9sieP\u00f4le Saguenay-Lac-Saint-Jean et C\u00f4te-Nord Effacer le filtre Clara Coderre-Trahan2017AVENIR personnalit\u00e9 engag\u00e9eP\u00f4le Qu\u00e9bec, Chaudi\u00e8re-Appalaches, Bas-Saint-Laurent et Gasp\u00e9sie\u00c9cole secondaire&hellip;<\/p>\n","protected":false},"author":1,"featured_media":0,"parent":1977,"menu_order":0,"comment_status":"closed","ping_status":"closed","template":"elementor_header_footer","meta":{"_acf_changed":false,"footnotes":""},"class_list":["post-1664","page","type-page","status-publish","hentry"],"acf":[],"yoast_head":"<!-- This site is optimized with the Yoast SEO plugin v27.5 - https:\/\/yoast.com\/product\/yoast-seo-wordpress\/ -->\n<title>High School FA Alumni - Forces AVENIR<\/title>\n<meta name=\"robots\" content=\"index, follow, max-snippet:-1, max-image-preview:large, max-video-preview:-1\" \/>\n<link rel=\"canonical\" href=\"https:\/\/forcesavenir.com\/en\/alumni\/high-school-fa-recipients-2\/\" \/>\n<meta property=\"og:locale\" content=\"en_US\" \/>\n<meta property=\"og:type\" content=\"article\" \/>\n<meta property=\"og:title\" content=\"High School FA Alumni - Forces AVENIR\" \/>\n<meta property=\"og:description\" content=\"FA Alumni at High School Search for a high school recipient Par ann\u00e9e20172018 Par cat\u00e9gorieAVENIR personnalit\u00e9 engag\u00e9AVENIR personnalit\u00e9 pers\u00e9v\u00e9ranteAVENIR personnel engag\u00e9AVENIR projet engag\u00e9 Par p\u00f4leP\u00f4le Montr\u00e9al, Laurentides, Lanaudi\u00e8re, Laval et Mont\u00e9r\u00e9gieP\u00f4le Outaouais et Abitibi-T\u00e9miscamingueP\u00f4le Qu\u00e9bec, Chaudi\u00e8re-Appalaches, Bas-Saint-Laurent et Gasp\u00e9sieP\u00f4le Saguenay-Lac-Saint-Jean et C\u00f4te-Nord Effacer le filtre Clara Coderre-Trahan2017AVENIR personnalit\u00e9 engag\u00e9eP\u00f4le Qu\u00e9bec, Chaudi\u00e8re-Appalaches, Bas-Saint-Laurent et Gasp\u00e9sie\u00c9cole secondaire&hellip;\" \/>\n<meta property=\"og:url\" content=\"https:\/\/forcesavenir.com\/en\/alumni\/high-school-fa-recipients-2\/\" \/>\n<meta property=\"og:site_name\" content=\"Forces AVENIR\" \/>\n<meta property=\"article:publisher\" content=\"https:\/\/www.facebook.com\/ForcesAVENIR\/\" \/>\n<meta property=\"article:modified_time\" content=\"2024-05-01T14:52:03+00:00\" \/>\n<meta property=\"og:image\" content=\"https:\/\/editionsmr-dev.com\/wp-content\/uploads\/2024\/03\/programme_secondaire_img.webp\" \/>\n<meta name=\"twitter:card\" content=\"summary_large_image\" \/>\n<meta name=\"twitter:site\" content=\"@forcesavenir\" \/>\n<meta name=\"twitter:label1\" content=\"Est. reading time\" \/>\n\t<meta name=\"twitter:data1\" content=\"1 minute\" \/>\n<script type=\"application\/ld+json\" class=\"yoast-schema-graph\">{\"@context\":\"https:\\\/\\\/schema.org\",\"@graph\":[{\"@type\":\"WebPage\",\"@id\":\"https:\\\/\\\/forcesavenir.com\\\/en\\\/alumni\\\/high-school-fa-recipients-2\\\/\",\"url\":\"https:\\\/\\\/forcesavenir.com\\\/en\\\/alumni\\\/high-school-fa-recipients-2\\\/\",\"name\":\"High School FA Alumni - Forces AVENIR\",\"isPartOf\":{\"@id\":\"https:\\\/\\\/forcesavenir.com\\\/en\\\/#website\"},\"primaryImageOfPage\":{\"@id\":\"https:\\\/\\\/forcesavenir.com\\\/en\\\/alumni\\\/high-school-fa-recipients-2\\\/#primaryimage\"},\"image\":{\"@id\":\"https:\\\/\\\/forcesavenir.com\\\/en\\\/alumni\\\/high-school-fa-recipients-2\\\/#primaryimage\"},\"thumbnailUrl\":\"https:\\\/\\\/editionsmr-dev.com\\\/wp-content\\\/uploads\\\/2024\\\/03\\\/programme_secondaire_img.webp\",\"datePublished\":\"2024-03-29T15:52:23+00:00\",\"dateModified\":\"2024-05-01T14:52:03+00:00\",\"breadcrumb\":{\"@id\":\"https:\\\/\\\/forcesavenir.com\\\/en\\\/alumni\\\/high-school-fa-recipients-2\\\/#breadcrumb\"},\"inLanguage\":\"en-US\",\"potentialAction\":[{\"@type\":\"ReadAction\",\"target\":[\"https:\\\/\\\/forcesavenir.com\\\/en\\\/alumni\\\/high-school-fa-recipients-2\\\/\"]}]},{\"@type\":\"ImageObject\",\"inLanguage\":\"en-US\",\"@id\":\"https:\\\/\\\/forcesavenir.com\\\/en\\\/alumni\\\/high-school-fa-recipients-2\\\/#primaryimage\",\"url\":\"https:\\\/\\\/editionsmr-dev.com\\\/wp-content\\\/uploads\\\/2024\\\/03\\\/programme_secondaire_img.webp\",\"contentUrl\":\"https:\\\/\\\/editionsmr-dev.com\\\/wp-content\\\/uploads\\\/2024\\\/03\\\/programme_secondaire_img.webp\"},{\"@type\":\"BreadcrumbList\",\"@id\":\"https:\\\/\\\/forcesavenir.com\\\/en\\\/alumni\\\/high-school-fa-recipients-2\\\/#breadcrumb\",\"itemListElement\":[{\"@type\":\"ListItem\",\"position\":1,\"name\":\"Accueil\",\"item\":\"https:\\\/\\\/forcesavenir.com\\\/en\\\/\"},{\"@type\":\"ListItem\",\"position\":2,\"name\":\"Alumni\",\"item\":\"https:\\\/\\\/forcesavenir.com\\\/en\\\/alumni\\\/\"},{\"@type\":\"ListItem\",\"position\":3,\"name\":\"High School FA Alumni\"}]},{\"@type\":\"WebSite\",\"@id\":\"https:\\\/\\\/forcesavenir.com\\\/en\\\/#website\",\"url\":\"https:\\\/\\\/forcesavenir.com\\\/en\\\/\",\"name\":\"Forces AVENIR\",\"description\":\"\",\"publisher\":{\"@id\":\"https:\\\/\\\/forcesavenir.com\\\/en\\\/#organization\"},\"potentialAction\":[{\"@type\":\"SearchAction\",\"target\":{\"@type\":\"EntryPoint\",\"urlTemplate\":\"https:\\\/\\\/forcesavenir.com\\\/en\\\/?s={search_term_string}\"},\"query-input\":{\"@type\":\"PropertyValueSpecification\",\"valueRequired\":true,\"valueName\":\"search_term_string\"}}],\"inLanguage\":\"en-US\"},{\"@type\":\"Organization\",\"@id\":\"https:\\\/\\\/forcesavenir.com\\\/en\\\/#organization\",\"name\":\"Forces AVENIR\",\"url\":\"https:\\\/\\\/forcesavenir.com\\\/en\\\/\",\"logo\":{\"@type\":\"ImageObject\",\"inLanguage\":\"en-US\",\"@id\":\"https:\\\/\\\/forcesavenir.com\\\/en\\\/#\\\/schema\\\/logo\\\/image\\\/\",\"url\":\"https:\\\/\\\/forcesavenir.com\\\/wp-content\\\/uploads\\\/2024\\\/03\\\/Logo_FA_500px.webp\",\"contentUrl\":\"https:\\\/\\\/forcesavenir.com\\\/wp-content\\\/uploads\\\/2024\\\/03\\\/Logo_FA_500px.webp\",\"width\":500,\"height\":223,\"caption\":\"Forces AVENIR\"},\"image\":{\"@id\":\"https:\\\/\\\/forcesavenir.com\\\/en\\\/#\\\/schema\\\/logo\\\/image\\\/\"},\"sameAs\":[\"https:\\\/\\\/www.facebook.com\\\/ForcesAVENIR\\\/\",\"https:\\\/\\\/x.com\\\/forcesavenir\",\"https:\\\/\\\/www.instagram.com\\\/forcesavenir\\\/\",\"https:\\\/\\\/www.youtube.com\\\/user\\\/ForcesAvenir\"]}]}<\/script>\n<!-- \/ Yoast SEO plugin. -->","yoast_head_json":{"title":"High School FA Alumni - Forces AVENIR","robots":{"index":"index","follow":"follow","max-snippet":"max-snippet:-1","max-image-preview":"max-image-preview:large","max-video-preview":"max-video-preview:-1"},"canonical":"https:\/\/forcesavenir.com\/en\/alumni\/high-school-fa-recipients-2\/","og_locale":"en_US","og_type":"article","og_title":"High School FA Alumni - Forces AVENIR","og_description":"FA Alumni at High School Search for a high school recipient Par ann\u00e9e20172018 Par cat\u00e9gorieAVENIR personnalit\u00e9 engag\u00e9AVENIR personnalit\u00e9 pers\u00e9v\u00e9ranteAVENIR personnel engag\u00e9AVENIR projet engag\u00e9 Par p\u00f4leP\u00f4le Montr\u00e9al, Laurentides, Lanaudi\u00e8re, Laval et Mont\u00e9r\u00e9gieP\u00f4le Outaouais et Abitibi-T\u00e9miscamingueP\u00f4le Qu\u00e9bec, Chaudi\u00e8re-Appalaches, Bas-Saint-Laurent et Gasp\u00e9sieP\u00f4le Saguenay-Lac-Saint-Jean et C\u00f4te-Nord Effacer le filtre Clara Coderre-Trahan2017AVENIR personnalit\u00e9 engag\u00e9eP\u00f4le Qu\u00e9bec, Chaudi\u00e8re-Appalaches, Bas-Saint-Laurent et Gasp\u00e9sie\u00c9cole secondaire&hellip;","og_url":"https:\/\/forcesavenir.com\/en\/alumni\/high-school-fa-recipients-2\/","og_site_name":"Forces AVENIR","article_publisher":"https:\/\/www.facebook.com\/ForcesAVENIR\/","article_modified_time":"2024-05-01T14:52:03+00:00","og_image":[{"url":"https:\/\/editionsmr-dev.com\/wp-content\/uploads\/2024\/03\/programme_secondaire_img.webp","type":"","width":"","height":""}],"twitter_card":"summary_large_image","twitter_site":"@forcesavenir","twitter_misc":{"Est. reading time":"1 minute"},"schema":{"@context":"https:\/\/schema.org","@graph":[{"@type":"WebPage","@id":"https:\/\/forcesavenir.com\/en\/alumni\/high-school-fa-recipients-2\/","url":"https:\/\/forcesavenir.com\/en\/alumni\/high-school-fa-recipients-2\/","name":"High School FA Alumni - Forces AVENIR","isPartOf":{"@id":"https:\/\/forcesavenir.com\/en\/#website"},"primaryImageOfPage":{"@id":"https:\/\/forcesavenir.com\/en\/alumni\/high-school-fa-recipients-2\/#primaryimage"},"image":{"@id":"https:\/\/forcesavenir.com\/en\/alumni\/high-school-fa-recipients-2\/#primaryimage"},"thumbnailUrl":"https:\/\/editionsmr-dev.com\/wp-content\/uploads\/2024\/03\/programme_secondaire_img.webp","datePublished":"2024-03-29T15:52:23+00:00","dateModified":"2024-05-01T14:52:03+00:00","breadcrumb":{"@id":"https:\/\/forcesavenir.com\/en\/alumni\/high-school-fa-recipients-2\/#breadcrumb"},"inLanguage":"en-US","potentialAction":[{"@type":"ReadAction","target":["https:\/\/forcesavenir.com\/en\/alumni\/high-school-fa-recipients-2\/"]}]},{"@type":"ImageObject","inLanguage":"en-US","@id":"https:\/\/forcesavenir.com\/en\/alumni\/high-school-fa-recipients-2\/#primaryimage","url":"https:\/\/editionsmr-dev.com\/wp-content\/uploads\/2024\/03\/programme_secondaire_img.webp","contentUrl":"https:\/\/editionsmr-dev.com\/wp-content\/uploads\/2024\/03\/programme_secondaire_img.webp"},{"@type":"BreadcrumbList","@id":"https:\/\/forcesavenir.com\/en\/alumni\/high-school-fa-recipients-2\/#breadcrumb","itemListElement":[{"@type":"ListItem","position":1,"name":"Accueil","item":"https:\/\/forcesavenir.com\/en\/"},{"@type":"ListItem","position":2,"name":"Alumni","item":"https:\/\/forcesavenir.com\/en\/alumni\/"},{"@type":"ListItem","position":3,"name":"High School FA Alumni"}]},{"@type":"WebSite","@id":"https:\/\/forcesavenir.com\/en\/#website","url":"https:\/\/forcesavenir.com\/en\/","name":"Forces AVENIR","description":"","publisher":{"@id":"https:\/\/forcesavenir.com\/en\/#organization"},"potentialAction":[{"@type":"SearchAction","target":{"@type":"EntryPoint","urlTemplate":"https:\/\/forcesavenir.com\/en\/?s={search_term_string}"},"query-input":{"@type":"PropertyValueSpecification","valueRequired":true,"valueName":"search_term_string"}}],"inLanguage":"en-US"},{"@type":"Organization","@id":"https:\/\/forcesavenir.com\/en\/#organization","name":"Forces AVENIR","url":"https:\/\/forcesavenir.com\/en\/","logo":{"@type":"ImageObject","inLanguage":"en-US","@id":"https:\/\/forcesavenir.com\/en\/#\/schema\/logo\/image\/","url":"https:\/\/forcesavenir.com\/wp-content\/uploads\/2024\/03\/Logo_FA_500px.webp","contentUrl":"https:\/\/forcesavenir.com\/wp-content\/uploads\/2024\/03\/Logo_FA_500px.webp","width":500,"height":223,"caption":"Forces AVENIR"},"image":{"@id":"https:\/\/forcesavenir.com\/en\/#\/schema\/logo\/image\/"},"sameAs":["https:\/\/www.facebook.com\/ForcesAVENIR\/","https:\/\/x.com\/forcesavenir","https:\/\/www.instagram.com\/forcesavenir\/","https:\/\/www.youtube.com\/user\/ForcesAvenir"]}]}},"_links":{"self":[{"href":"https:\/\/forcesavenir.com\/en\/wp-json\/wp\/v2\/pages\/1664","targetHints":{"allow":["GET"]}}],"collection":[{"href":"https:\/\/forcesavenir.com\/en\/wp-json\/wp\/v2\/pages"}],"about":[{"href":"https:\/\/forcesavenir.com\/en\/wp-json\/wp\/v2\/types\/page"}],"author":[{"embeddable":true,"href":"https:\/\/forcesavenir.com\/en\/wp-json\/wp\/v2\/users\/1"}],"replies":[{"embeddable":true,"href":"https:\/\/forcesavenir.com\/en\/wp-json\/wp\/v2\/comments?post=1664"}],"version-history":[{"count":0,"href":"https:\/\/forcesavenir.com\/en\/wp-json\/wp\/v2\/pages\/1664\/revisions"}],"up":[{"embeddable":true,"href":"https:\/\/forcesavenir.com\/en\/wp-json\/wp\/v2\/pages\/1977"}],"wp:attachment":[{"href":"https:\/\/forcesavenir.com\/en\/wp-json\/wp\/v2\/media?parent=1664"}],"curies":[{"name":"wp","href":"https:\/\/api.w.org\/{rel}","templated":true}]}}